{"id":1186,"date":"2017-06-12T16:03:36","date_gmt":"2017-06-12T14:03:36","guid":{"rendered":"https:\/\/bbs1osterode.de\/?page_id=1186"},"modified":"2024-04-18T09:40:32","modified_gmt":"2024-04-18T07:40:32","slug":"bfs-bmha","status":"publish","type":"page","link":"https:\/\/bbs1osterode.de\/index.php\/bfs-bmha\/","title":{"rendered":"BFS BM\/HA"},"content":{"rendered":"<div id='layer_slider_1'  class='avia-layerslider main_color avia-shadow  avia-builder-el-0  el_before_av_textblock  avia-builder-el-first  container_wrap fullsize'  style='height: 401px;'  ><\/div><div id='after_layer_slider_1'  class='main_color av_default_container_wrap container_wrap fullsize'  ><div class='container av-section-cont-open' ><div class='template-page content  av-content-full alpha units'><div class='post-entry post-entry-type-page post-entry-1186'><div class='entry-content-wrapper clearfix'>\n<section  class='av_textblock_section av-16ixu4y-403e947c019bc2392700f9be6c49dd02'  itemscope=\"itemscope\" itemtype=\"https:\/\/schema.org\/CreativeWork\" ><div class='avia_textblock'  itemprop=\"text\" ><p><a href=\"https:\/\/bbs1osterode.de\/index.php\/berufsfachschulen\/\">Zur\u00fcck zur \u00dcbersicht<\/a><\/p>\n<\/div><\/section>\n\n<style type=\"text\/css\" data-created_by=\"avia_inline_auto\" id=\"style-css-av-14wjuua-7705c0b943f45d6e9d40d41b79d5c583\">\n.flex_column.av-14wjuua-7705c0b943f45d6e9d40d41b79d5c583{\nborder-radius:0px 0px 0px 0px;\n-webkit-border-radius:0px 0px 0px 0px;\n-moz-border-radius:0px 0px 0px 0px;\n}\n<\/style>\n<div class='flex_column av-14wjuua-7705c0b943f45d6e9d40d41b79d5c583 av_three_fifth  avia-builder-el-2  el_after_av_textblock  el_before_av_one_fifth  first flex_column_div av-zero-column-padding column-top-margin'   ><div  class='tabcontainer av-13nyhmq-d0010af70b76a76091abc80fb39ba8a2 sidebar_tab sidebar_tab_left  avia-builder-el-3  avia-builder-el-no-sibling  border_tabs' role='tablist'>\n<section class='av_tab_section av_tab_section av-10r9uc2-40637a8c163010a9b2496cb8f61a05a8'  itemscope=\"itemscope\" itemtype=\"https:\/\/schema.org\/CreativeWork\" ><div class='tab active_tab' role='tab' tabindex='0' data-fake-id='#tab-id-1' aria-controls='tab-id-1-content'  itemprop=\"headline\" ><span class='tab_icon' aria-hidden='true' data-av_icon='\ue8dd' data-av_iconfont='entypo-fontello'><\/span>Was ist dein Ziel? <\/div><div id='tab-id-1-content' class='tab_content active_tab_content' aria-hidden=\"false\"><div class='tab_inner_content invers-color'  itemprop=\"text\" ><ul>\n<li>Du m\u00f6chtest eine Ausbildung im Berufsfeld Wirtschaft und Verwaltung machen (z. B. Kaufmann\/-frau f\u00fcr B\u00fcromanagement, Kaufmann\/-frau im Einzel- bzw. Gro\u00dfhandel, Informatikkaufmann\/-frau) und deine Bewerbungschancen f\u00fcr einen Ausbildungsplatz durch den Besuch einer einj\u00e4hrigen Berufsfachschule &#8211; Wirtschaft &#8211; verbessern.<\/li>\n<li>Du m\u00f6chtest den Erweiterten Sekundarabschluss I &#8211; Realschulabschluss erwerben, um im Anschluss z. B. ein (Berufliches) Gymnasium besuchen zu k\u00f6nnen.<\/li>\n<\/ul>\n<\/div><\/div><\/section>\n<section class='av_tab_section av_tab_section av-yyh8ki-824ef66c8b1977b9c46db71912cbf2f1'  itemscope=\"itemscope\" itemtype=\"https:\/\/schema.org\/CreativeWork\" ><div class='tab' role='tab' tabindex='0' data-fake-id='#tab-id-2' aria-controls='tab-id-2-content'  itemprop=\"headline\" ><span class='tab_icon' aria-hidden='true' data-av_icon='\ue80c' data-av_iconfont='entypo-fontello'><\/span>Welchen Abschluss kannst du bei uns erwerben?<\/div><div id='tab-id-2-content' class='tab_content' aria-hidden=\"true\"><div class='tab_inner_content invers-color'  itemprop=\"text\" ><ul>\n<li>Nach einj\u00e4hriger Ausbildung in der Schule hast du die sogenannte berufliche Grundbildung f\u00fcr die kaufm\u00e4nnischen Berufe in den Bereichen B\u00fcro, Handel und Informatik erworben. Damit ist der Eintritt in das 2. Ausbildungsjahr in ausgew\u00e4hlten kaufm\u00e4nnischen Ausbildungsberufen m\u00f6glich. Das entscheidet aber der Ausbildungsbetrieb.<\/li>\n<li>Du erh\u00e4ltst den Erweiterten Sekundarabschluss I, wenn deine Leistungen mindestens befriedigend sind.<\/li>\n<\/ul>\n<\/div><\/div><\/section>\n<section class='av_tab_section av_tab_section av-ym4phe-5b1a7ee8ee046473a3728bd531455f72'  itemscope=\"itemscope\" itemtype=\"https:\/\/schema.org\/CreativeWork\" ><div class='tab' role='tab' tabindex='0' data-fake-id='#tab-id-3' aria-controls='tab-id-3-content'  itemprop=\"headline\" ><span class='tab_icon' aria-hidden='true' data-av_icon='\ue823' data-av_iconfont='entypo-fontello'><\/span>Welchen Abschluss musst du daf\u00fcr mitbringen?<\/div><div id='tab-id-3-content' class='tab_content' aria-hidden=\"true\"><div class='tab_inner_content invers-color'  itemprop=\"text\" ><ul>\n<li>Zum Besuch der Einj\u00e4hrigen Berufsfachschule &#8211; Wirtschaft &#8211; (Handel, B\u00fcromanagement oder Informatik) ben\u00f6tigst du den Sekundarabschluss I &#8211; Realschulabschluss.<\/li>\n<\/ul>\n<\/div><\/div><\/section>\n<section class='av_tab_section av_tab_section av-wddope-2799858f52e4a7513e67e85240465927'  itemscope=\"itemscope\" itemtype=\"https:\/\/schema.org\/CreativeWork\" ><div class='tab' role='tab' tabindex='0' data-fake-id='#tab-id-4' aria-controls='tab-id-4-content'  itemprop=\"headline\" ><span class='tab_icon' aria-hidden='true' data-av_icon='\ue862' data-av_iconfont='entypo-fontello'><\/span>Welche F\u00e4cher erwarten dich?<\/div><div id='tab-id-4-content' class='tab_content' aria-hidden=\"true\"><div class='tab_inner_content invers-color'  itemprop=\"text\" ><ul>\n<li>Du hast allgemeinbildende F\u00e4cher wie Deutsch\/Kommunikation, Englisch\/Kommunikation, Politik, Religion und Sport.<\/li>\n<li>Im Berufsbezogenen Bereich hast du theoretischen und praktischen Unterricht rund um die Wirtschaft bzw. Informatik (z. B. in Lernfeldern, die sich mit der Beschaffung und dem Absatz von G\u00fctern und Dienstleistungen auseinandersetzen).<\/li>\n<\/ul>\n<\/div><\/div><\/section>\n<section class='av_tab_section av_tab_section av-u84woi-7dc0cfc6f20b9a869c3aaa78daf79c29'  itemscope=\"itemscope\" itemtype=\"https:\/\/schema.org\/CreativeWork\" ><div class='tab' role='tab' tabindex='0' data-fake-id='#tab-id-5' aria-controls='tab-id-5-content'  itemprop=\"headline\" ><span class='tab_icon' aria-hidden='true' data-av_icon='\ue863' data-av_iconfont='entypo-fontello'><\/span>Wie sieht dein Stundenplan aus?<\/div><div id='tab-id-5-content' class='tab_content' aria-hidden=\"true\"><div class='tab_inner_content invers-color'  itemprop=\"text\" ><ul>\n<li>Der Stundenplan sieht in jedem Jahr etwas anders aus \u2013 er wird f\u00fcr jedes neue Schuljahr neu gestaltet.<\/li>\n<li>Du hast in der Regel ca. 32 Stunden pro Woche Unterricht. Also meistens von der 1.-6. Stunde, einmal auch am Nachmittag.<\/li>\n<li>Durch ein vierw\u00f6chiges &#8220;Praktikum&#8221; (praktische Ausbildung) erh\u00e4ltst du Einblicke in die Arbeitswelt.<\/li>\n<\/ul>\n<\/div><\/div><\/section>\n<section class='av_tab_section av_tab_section av-t31csi-8af513ffe440fc13896cf988cbd0759d'  itemscope=\"itemscope\" itemtype=\"https:\/\/schema.org\/CreativeWork\" ><div class='tab' role='tab' tabindex='0' data-fake-id='#tab-id-6' aria-controls='tab-id-6-content'  itemprop=\"headline\" ><span class='tab_icon' aria-hidden='true' data-av_icon='\ue8d1' data-av_iconfont='entypo-fontello'><\/span>Wie lange dauert dein Schulbesuch?<\/div><div id='tab-id-6-content' class='tab_content' aria-hidden=\"true\"><div class='tab_inner_content invers-color'  itemprop=\"text\" ><ul>\n<li>Der Schulbesuch dauert in der Regel ein Jahr.<\/li>\n<li>Aus besonderen Gr\u00fcnden kannst du zwei Jahre bleiben, wenn eine Wiederholung des Schuljahres erforderlich ist.<\/li>\n<\/ul>\n<\/div><\/div><\/section>\n<section class='av_tab_section av_tab_section av-r82y3m-53272d57e930b349c95e4ee84eb92e13'  itemscope=\"itemscope\" itemtype=\"https:\/\/schema.org\/CreativeWork\" ><div class='tab' role='tab' tabindex='0' data-fake-id='#tab-id-7' aria-controls='tab-id-7-content'  itemprop=\"headline\" ><span class='tab_icon' aria-hidden='true' data-av_icon='\ue8c9' data-av_iconfont='entypo-fontello'><\/span>Welche Highlights erwarten dich?<\/div><div id='tab-id-7-content' class='tab_content' aria-hidden=\"true\"><div class='tab_inner_content invers-color'  itemprop=\"text\" ><ul>\n<li>Je nach gew\u00e4hlter Fachrichtung: Arbeit in einem Wirtschaft-Live-Unternehmen<\/li>\n<li>Zusatzveranstaltungen zu besonderen Themen, z. B.:<br \/>\n&#8211; Schulung in Bargeldangelegenheiten durch die Deutsche Bundesbank<br \/>\n&#8211; Pr\u00e4ventionsschulung \u201eAlkoholverkauf und Jugendschutz\u201c in Zusammenarbeit mit der Polizei<\/li>\n<\/ul>\n<\/div><\/div><\/section>\n<section class='av_tab_section av_tab_section av-9e14i-1f0afa02389ee4e5a55464cee7804e23'  itemscope=\"itemscope\" itemtype=\"https:\/\/schema.org\/CreativeWork\" ><div class='tab' role='tab' tabindex='0' data-fake-id='#tab-id-8' aria-controls='tab-id-8-content'  itemprop=\"headline\" ><span class='tab_icon' aria-hidden='true' data-av_icon='\ue836' data-av_iconfont='entypo-fontello'><\/span>Wann und wie meldest du dich an?<\/div><div id='tab-id-8-content' class='tab_content' aria-hidden=\"true\"><div class='tab_inner_content invers-color'  itemprop=\"text\" ><p><strong>Am besten gleich!<\/strong><\/p>\n<ul>\n<li>F\u00fcll einfach den Anmeldebogen aus dem Downloadbereich aus.<\/li>\n<li>Kontaktiere uns, wenn du noch Fragen hast.<\/li>\n<li>Wir freuen uns, dich kennenzulernen.<\/li>\n<\/ul>\n<\/div><\/div><\/section>\n<section class='av_tab_section av_tab_section av-nyben6-c92c95c11d8842dba0549f9e296c3c12'  itemscope=\"itemscope\" itemtype=\"https:\/\/schema.org\/CreativeWork\" ><div class='tab' role='tab' tabindex='0' data-fake-id='#tab-id-9' aria-controls='tab-id-9-content'  itemprop=\"headline\" ><span class='tab_icon' aria-hidden='true' data-av_icon='\ue864' data-av_iconfont='entypo-fontello'><\/span>Welche Fragen k\u00f6nnen wir dir noch beantworten?<\/div><div id='tab-id-9-content' class='tab_content' aria-hidden=\"true\"><div class='tab_inner_content invers-color'  itemprop=\"text\" ><ul>\n<li>Schreib uns gern eine Mail.<\/li>\n<li>Greif zum H\u00f6rer und ruf an.<\/li>\n<li>Komm doch einfach mal vorbei. Die \u00d6ffnungszeiten unseres Sekretariats findest du <a href=\"https:\/\/bbs1osterode.de\/index.php\/verwaltung-2\/\">hier.<\/a><\/li>\n<li>Alle Informationen auf einen Blick bekommst du in unseren Flyern \u2013 klick auf den Download-Button.<\/li>\n<\/ul>\n<\/div><\/div><\/section>\n<\/div><\/div>\n\n<style type=\"text\/css\" data-created_by=\"avia_inline_auto\" id=\"style-css-av-lryc02-dfdf5ab2b1a6df21459ddde7f4525d85\">\n.flex_column.av-lryc02-dfdf5ab2b1a6df21459ddde7f4525d85{\nborder-radius:0px 0px 0px 0px;\n-webkit-border-radius:0px 0px 0px 0px;\n-moz-border-radius:0px 0px 0px 0px;\n}\n<\/style>\n<div class='flex_column av-lryc02-dfdf5ab2b1a6df21459ddde7f4525d85 av_one_fifth  avia-builder-el-4  el_after_av_three_fifth  el_before_av_one_fifth  flex_column_div av-zero-column-padding column-top-margin'   ><p>\n<style type=\"text\/css\" data-created_by=\"avia_inline_auto\" id=\"style-css-av-ky9ns2-59bad4d1779e3aacba09a8a2c5474432\">\n.avia-image-container.av-ky9ns2-59bad4d1779e3aacba09a8a2c5474432 .av-image-caption-overlay-center{\ncolor:#ffffff;\n}\n<\/style>\n<div  class='avia-image-container av-ky9ns2-59bad4d1779e3aacba09a8a2c5474432 av-styling- avia-align-left  avia-builder-el-5  el_before_av_hr  avia-builder-el-first '  itemprop=\"image\" itemscope=\"itemscope\" itemtype=\"https:\/\/schema.org\/ImageObject\" ><div class=\"avia-image-container-inner\"><div class=\"avia-image-overlay-wrap\"><img class='wp-image-3721 avia-img-lazy-loading-not-3721 avia_image' src=\"https:\/\/bbs1osterode.de\/wp-content\/uploads\/2018\/01\/Fischer_Birgit-233x300.jpg\" alt='' title='Fischer_Birgit'  height=\"300\" width=\"233\"  itemprop=\"thumbnailUrl\" srcset=\"https:\/\/bbs1osterode.de\/wp-content\/uploads\/2018\/01\/Fischer_Birgit-233x300.jpg 233w, https:\/\/bbs1osterode.de\/wp-content\/uploads\/2018\/01\/Fischer_Birgit-768x987.jpg 768w, https:\/\/bbs1osterode.de\/wp-content\/uploads\/2018\/01\/Fischer_Birgit-801x1030.jpg 801w, https:\/\/bbs1osterode.de\/wp-content\/uploads\/2018\/01\/Fischer_Birgit-548x705.jpg 548w, https:\/\/bbs1osterode.de\/wp-content\/uploads\/2018\/01\/Fischer_Birgit-450x578.jpg 450w, https:\/\/bbs1osterode.de\/wp-content\/uploads\/2018\/01\/Fischer_Birgit.jpg 827w\" sizes=\"(max-width: 233px) 100vw, 233px\" \/><\/div><\/div><\/div><br \/>\n\n<style type=\"text\/css\" data-created_by=\"avia_inline_auto\" id=\"style-css-av-j8wq6a-166fb0b744f320c72cc2cc14e603ef13\">\n#top .hr.hr-invisible.av-j8wq6a-166fb0b744f320c72cc2cc14e603ef13{\nheight:20px;\n}\n<\/style>\n<div  class='hr av-j8wq6a-166fb0b744f320c72cc2cc14e603ef13 hr-invisible  avia-builder-el-6  el_after_av_image  el_before_av_textblock '><span class='hr-inner '><span class=\"hr-inner-style\"><\/span><\/span><\/div><br \/>\n<section  class='av_textblock_section av-1oxb8y-3af509655e63fd4ec4cfc2935eab2ec5'  itemscope=\"itemscope\" itemtype=\"https:\/\/schema.org\/CreativeWork\" ><div class='avia_textblock'  itemprop=\"text\" ><p>Studiendirektorin<br \/>\n<strong>Birgit Fischer<br \/>\n<\/strong>Abteilungsleitung Berufsfachschulen<\/p>\n<p>Tel: 05522 5027-104<br \/>\n<a href=\"mailto:birgit.fischer@bbs1osterode.de\">birgit.fischer@bbs1osterode.de<\/a><\/p>\n<\/div><\/section><\/p><\/div>\n<style type=\"text\/css\" data-created_by=\"avia_inline_auto\" id=\"style-css-av-ghz4ky-0f63414fc2eac24f7a67b0ab8dbbeafb\">\n.flex_column.av-ghz4ky-0f63414fc2eac24f7a67b0ab8dbbeafb{\nborder-radius:0px 0px 0px 0px;\n-webkit-border-radius:0px 0px 0px 0px;\n-moz-border-radius:0px 0px 0px 0px;\n}\n<\/style>\n<div class='flex_column av-ghz4ky-0f63414fc2eac24f7a67b0ab8dbbeafb av_one_fifth  avia-builder-el-8  el_after_av_one_fifth  avia-builder-el-last  flex_column_div av-zero-column-padding column-top-margin'   ><p>\n<style type=\"text\/css\" data-created_by=\"avia_inline_auto\" id=\"style-css-av-dwas9e-4ab231c85e645630e75eeaf5d3f6f1db\">\n.avia-image-container.av-dwas9e-4ab231c85e645630e75eeaf5d3f6f1db .av-image-caption-overlay-center{\ncolor:#ffffff;\n}\n<\/style>\n<div  class='avia-image-container av-dwas9e-4ab231c85e645630e75eeaf5d3f6f1db av-styling- avia-align-left  avia-builder-el-9  el_before_av_hr  avia-builder-el-first '  itemprop=\"image\" itemscope=\"itemscope\" itemtype=\"https:\/\/schema.org\/ImageObject\" ><div class=\"avia-image-container-inner\"><div class=\"avia-image-overlay-wrap\"><img class='wp-image-3722 avia-img-lazy-loading-not-3722 avia_image' src=\"https:\/\/bbs1osterode.de\/wp-content\/uploads\/2018\/01\/Fl\u00f6ter_J\u00f6rg-233x300.jpg\" alt='' title='Fl\u00f6ter_J\u00f6rg'  height=\"300\" width=\"233\"  itemprop=\"thumbnailUrl\" srcset=\"https:\/\/bbs1osterode.de\/wp-content\/uploads\/2018\/01\/Fl\u00f6ter_J\u00f6rg-233x300.jpg 233w, https:\/\/bbs1osterode.de\/wp-content\/uploads\/2018\/01\/Fl\u00f6ter_J\u00f6rg-768x987.jpg 768w, https:\/\/bbs1osterode.de\/wp-content\/uploads\/2018\/01\/Fl\u00f6ter_J\u00f6rg-801x1030.jpg 801w, https:\/\/bbs1osterode.de\/wp-content\/uploads\/2018\/01\/Fl\u00f6ter_J\u00f6rg-548x705.jpg 548w, https:\/\/bbs1osterode.de\/wp-content\/uploads\/2018\/01\/Fl\u00f6ter_J\u00f6rg-450x578.jpg 450w, https:\/\/bbs1osterode.de\/wp-content\/uploads\/2018\/01\/Fl\u00f6ter_J\u00f6rg.jpg 827w\" sizes=\"(max-width: 233px) 100vw, 233px\" \/><\/div><\/div><\/div><br \/>\n\n<style type=\"text\/css\" data-created_by=\"avia_inline_auto\" id=\"style-css-av-bt9qlu-2719f122d6f66c35fda644eae6171c87\">\n#top .hr.hr-invisible.av-bt9qlu-2719f122d6f66c35fda644eae6171c87{\nheight:20px;\n}\n<\/style>\n<div  class='hr av-bt9qlu-2719f122d6f66c35fda644eae6171c87 hr-invisible  avia-builder-el-10  el_after_av_image  el_before_av_textblock '><span class='hr-inner '><span class=\"hr-inner-style\"><\/span><\/span><\/div><br \/>\n<section  class='av_textblock_section av-14vnb6-5fb40547e4facc26e73219422de5236c'  itemscope=\"itemscope\" itemtype=\"https:\/\/schema.org\/CreativeWork\" ><div class='avia_textblock'  itemprop=\"text\" ><p>Oberstudienrat<strong><br \/>\nJ\u00f6rg Fl\u00f6ter<br \/>\n<\/strong>Diplom Handelslehrer<br \/>\n<strong><br \/>\n<\/strong>Bildungsgangleitung<br \/>\nTel: 05522 5027-0<br \/>\n<a href=\"mailto:joerg.floeter@bbs1osterode.de\">joerg.floeter@bbs1osterode.de<\/a><\/p>\n<\/div><\/section><br \/>\n\n<style type=\"text\/css\" data-created_by=\"avia_inline_auto\" id=\"style-css-av-9tosjm-57516e3efef507f3d26298f241d6ff80\">\n#top .hr.hr-invisible.av-9tosjm-57516e3efef507f3d26298f241d6ff80{\nheight:20px;\n}\n<\/style>\n<div  class='hr av-9tosjm-57516e3efef507f3d26298f241d6ff80 hr-invisible  avia-builder-el-12  el_after_av_textblock  el_before_av_hr '><span class='hr-inner '><span class=\"hr-inner-style\"><\/span><\/span><\/div><br \/>\n\n<style type=\"text\/css\" data-created_by=\"avia_inline_auto\" id=\"style-css-av-t2u3m-c2fb614c10dc8fc1aefa36e820e3947b\">\n#top .hr.hr-invisible.av-t2u3m-c2fb614c10dc8fc1aefa36e820e3947b{\nheight:20px;\n}\n<\/style>\n<div  class='hr av-t2u3m-c2fb614c10dc8fc1aefa36e820e3947b hr-invisible  avia-builder-el-13  el_after_av_hr  el_before_av_button_big  avia-builder-el-last '><span class='hr-inner '><span class=\"hr-inner-style\"><\/span><\/span><\/div><br \/>\n<div  class='avia-button-wrap avia-button-center  avia-builder-el-14  el_after_av_hr  el_before_av_hr ' >\n<style type=\"text\/css\" data-created_by=\"avia_inline_auto\" id=\"style-css-av-5xemzm-982679b958b5f39dc09faf0d6ab7c5eb\">\n#top #wrap_all .avia-button.av-5xemzm-982679b958b5f39dc09faf0d6ab7c5eb{\ncolor:#ffffff;\ntransition:all 0.4s ease-in-out;\n-webkit-transition:all 0.4s ease-in-out;\n-moz-transition:all 0.4s ease-in-out;\n-ms-transition:all 0.4s ease-in-out;\n-o-transition:all 0.4s ease-in-out;\n}\n#top #wrap_all .avia-button.av-5xemzm-982679b958b5f39dc09faf0d6ab7c5eb:hover{\nbackground-color:#444444;\ncolor:#ffffff;\ntransition:all 0.4s ease-in-out;\n-webkit-transition:all 0.4s ease-in-out;\n-moz-transition:all 0.4s ease-in-out;\n-ms-transition:all 0.4s ease-in-out;\n-o-transition:all 0.4s ease-in-out;\n}\n<\/style>\n<a href='https:\/\/bbs1osterode.de\/index.php\/downloads\/#bfs' class='avia-color-theme-color avia-button avia-button-fullwidth av-5xemzm-982679b958b5f39dc09faf0d6ab7c5eb avia-icon_select-no avia-color-theme-color'  target=\"_blank\"  rel=\"noopener noreferrer\"><span class='avia_iconbox_title' >Anmeldeformular<\/span><\/a><\/div><br \/>\n\n<style type=\"text\/css\" data-created_by=\"avia_inline_auto\" id=\"style-css-av-e1n2q-a3f18b65fcf9572d973e3c4ab87ef4b7\">\n#top .hr.hr-invisible.av-e1n2q-a3f18b65fcf9572d973e3c4ab87ef4b7{\nheight:20px;\n}\n<\/style>\n<div  class='hr av-e1n2q-a3f18b65fcf9572d973e3c4ab87ef4b7 hr-invisible  avia-builder-el-15  el_after_av_button_big  el_before_av_button_big  avia-builder-el-no-sibling '><span class='hr-inner '><span class=\"hr-inner-style\"><\/span><\/span><\/div><br \/>\n<div  class='avia-button-wrap avia-button-center  avia-builder-el-16  el_after_av_hr  avia-builder-el-last ' >\n<style type=\"text\/css\" data-created_by=\"avia_inline_auto\" id=\"style-css-av-389c7m-e9018d5b613cbd52c0291273ff450c93\">\n#top #wrap_all .avia-button.av-389c7m-e9018d5b613cbd52c0291273ff450c93{\ncolor:#ffffff;\ntransition:all 0.4s ease-in-out;\n-webkit-transition:all 0.4s ease-in-out;\n-moz-transition:all 0.4s ease-in-out;\n-ms-transition:all 0.4s ease-in-out;\n-o-transition:all 0.4s ease-in-out;\n}\n#top #wrap_all .avia-button.av-389c7m-e9018d5b613cbd52c0291273ff450c93:hover{\nbackground-color:#444444;\ncolor:#ffffff;\ntransition:all 0.4s ease-in-out;\n-webkit-transition:all 0.4s ease-in-out;\n-moz-transition:all 0.4s ease-in-out;\n-ms-transition:all 0.4s ease-in-out;\n-o-transition:all 0.4s ease-in-out;\n}\n<\/style>\n<a href='https:\/\/bbs1osterode.de\/index.php\/downloads\/#bfs' class='avia-color-theme-color avia-button avia-button-fullwidth av-389c7m-e9018d5b613cbd52c0291273ff450c93 avia-icon_select-no avia-color-theme-color'  target=\"_blank\"  rel=\"noopener noreferrer\"><span class='avia_iconbox_title' >Downloadbereich<\/span><\/a><\/div><\/p><\/div><\/p>\n","protected":false},"excerpt":{"rendered":"","protected":false},"author":1,"featured_media":0,"parent":0,"menu_order":0,"comment_status":"closed","ping_status":"closed","template":"","meta":[],"_links":{"self":[{"href":"https:\/\/bbs1osterode.de\/index.php\/wp-json\/wp\/v2\/pages\/1186"}],"collection":[{"href":"https:\/\/bbs1osterode.de\/index.php\/wp-json\/wp\/v2\/pages"}],"about":[{"href":"https:\/\/bbs1osterode.de\/index.php\/wp-json\/wp\/v2\/types\/page"}],"author":[{"embeddable":true,"href":"https:\/\/bbs1osterode.de\/index.php\/wp-json\/wp\/v2\/users\/1"}],"replies":[{"embeddable":true,"href":"https:\/\/bbs1osterode.de\/index.php\/wp-json\/wp\/v2\/comments?post=1186"}],"version-history":[{"count":36,"href":"https:\/\/bbs1osterode.de\/index.php\/wp-json\/wp\/v2\/pages\/1186\/revisions"}],"predecessor-version":[{"id":12072,"href":"https:\/\/bbs1osterode.de\/index.php\/wp-json\/wp\/v2\/pages\/1186\/revisions\/12072"}],"wp:attachment":[{"href":"https:\/\/bbs1osterode.de\/index.php\/wp-json\/wp\/v2\/media?parent=1186"}],"curies":[{"name":"wp","href":"https:\/\/api.w.org\/{rel}","templated":true}]}}