{"id":12905,"date":"2026-02-02T03:49:20","date_gmt":"2026-02-02T02:49:20","guid":{"rendered":"https:\/\/bbs1osterode.de\/?page_id=12905"},"modified":"2026-02-02T03:49:20","modified_gmt":"2026-02-02T02:49:20","slug":"eltern-und-ausbildersprechtag-2-2","status":"publish","type":"page","link":"https:\/\/bbs1osterode.de\/index.php\/startseite-3-2-2\/eltern-und-ausbildersprechtag-2-2\/","title":{"rendered":"Eltern- und Ausbildersprechtag"},"content":{"rendered":"<div id='layer_slider_1'  class='avia-layerslider main_color avia-shadow  avia-builder-el-0  el_before_av_textblock  avia-builder-el-first  container_wrap fullsize'  style='height: 401px; max-width: 1400px; margin: 0 auto;'  ><\/div><div id='after_layer_slider_1'  class='main_color av_default_container_wrap container_wrap fullsize'  ><div class='container av-section-cont-open' ><div class='template-page content  av-content-full alpha units'><div class='post-entry post-entry-type-page post-entry-12905'><div class='entry-content-wrapper clearfix'>\n<section  class='av_textblock_section av-ml4jllrd-9f1a7b61d4498da3612994ffbb32d5fe'  itemscope=\"itemscope\" itemtype=\"https:\/\/schema.org\/CreativeWork\" ><div class='avia_textblock'  itemprop=\"text\" ><p>Ab dem 09.02.26 k\u00f6nnen Sie feste Termine bei den Lehrkr\u00e4ften buchen.<\/p>\n<\/div><\/section>\n<div  class='hr av-o0jthl-65424f9247ea432ba6c27b89a5ac4904 hr-default  avia-builder-el-2  el_after_av_textblock  el_before_av_textblock '><span class='hr-inner '><span class=\"hr-inner-style\"><\/span><\/span><\/div>\n\n<style type=\"text\/css\" data-created_by=\"avia_inline_auto\" id=\"style-css-av-m1vzw1-4045d5043c98a583bb0b6c6f5adb192c\">\n#top .av_textblock_section.av-m1vzw1-4045d5043c98a583bb0b6c6f5adb192c .avia_textblock{\nfont-size:24px;\ncolor:#00467f;\n}\n<\/style>\n<section  class='av_textblock_section av-m1vzw1-4045d5043c98a583bb0b6c6f5adb192c'  itemscope=\"itemscope\" itemtype=\"https:\/\/schema.org\/CreativeWork\" ><div class='avia_textblock av_inherit_color'  itemprop=\"text\" ><p><strong><a href=\"https:\/\/webuntis.com\/?hint=school_not_found#\/basic\/login\">WebUnits<\/a><\/strong><\/p>\n<p><a href=\"https:\/\/bbs1osterode.de\/wp-content\/uploads\/2026\/02\/Eltern-und-Ausbildersprechtag-Anleitung-Eltern.pdf\"><strong>Eltern- und Ausbildersprechtag &#8211; Anleitung Eltern<\/strong><\/a><\/p>\n<p><strong><a href=\"https:\/\/bbs1osterode.de\/wp-content\/uploads\/2026\/02\/Eltern-und-Ausbildersprechtag-Anleitung-Betriebe.pdf\">Eltern- und Ausbildersprechtag &#8211; Anleitung Betriebe<\/a><\/strong><\/p>\n<p><strong>\u00dcber die in der \u00dcbersicht aufgef\u00fchrten Mailadressen k\u00f6nnen Sie zu den Lehrkr\u00e4ften Kontakt aufnehmen, die am Sprechtag nicht anwesend sind.<br \/>\n<\/strong><\/p>\n<p><a href=\"https:\/\/bbs1osterode.de\/wp-content\/uploads\/2026\/02\/Uebersicht-Lehrkraefte.pdf\"><strong>\u00dcbersicht Lehrkr\u00e4fte <\/strong><\/a><\/p>\n<p><a href=\"https:\/\/bbs1osterode.de\/wp-content\/uploads\/2026\/02\/Eltern-und-Ausbildersprechtag-Anleitung-Passwort-zuruecksetzen.pdf\"><strong> Eltern- und Ausbildersprechtag &#8211; Anleitung Passwort zur\u00fccksetzen <\/strong><\/a><\/p>\n<h3><\/h3>\n<\/div><\/section>\n\n<style type=\"text\/css\" data-created_by=\"avia_inline_auto\" id=\"style-css-av-kaumcx-0222c0d669575a896094347ea50a63e0\">\n#top .hr.hr-invisible.av-kaumcx-0222c0d669575a896094347ea50a63e0{\nmargin-top:0px;\nheight:1px;\n}\n<\/style>\n<div  class='hr av-kaumcx-0222c0d669575a896094347ea50a63e0 hr-invisible  avia-builder-el-4  el_after_av_textblock  el_before_av_one_half '><span class='hr-inner '><span class=\"hr-inner-style\"><\/span><\/span><\/div>\n\n<style type=\"text\/css\" data-created_by=\"avia_inline_auto\" id=\"style-css-av-9ep1c1-ec0140e394a0168c18b8176aabe5d3a1\">\n.flex_column.av-9ep1c1-ec0140e394a0168c18b8176aabe5d3a1{\nborder-radius:0px 0px 0px 0px;\n-webkit-border-radius:0px 0px 0px 0px;\n-moz-border-radius:0px 0px 0px 0px;\n}\n<\/style>\n<div class='flex_column av-9ep1c1-ec0140e394a0168c18b8176aabe5d3a1 av_one_half  avia-builder-el-5  el_after_av_hr  avia-builder-el-last  first flex_column_div av-zero-column-padding '   ><p>\n<style type=\"text\/css\" data-created_by=\"avia_inline_auto\" id=\"style-css-av-4ljrtt-924e9c8ce409363336e5ca63dd73da39\">\n#top .av-special-heading.av-4ljrtt-924e9c8ce409363336e5ca63dd73da39{\npadding-bottom:10px;\n}\nbody .av-special-heading.av-4ljrtt-924e9c8ce409363336e5ca63dd73da39 .av-special-heading-tag .heading-char{\nfont-size:25px;\n}\n.av-special-heading.av-4ljrtt-924e9c8ce409363336e5ca63dd73da39 .av-subheading{\nfont-size:15px;\n}\n<\/style>\n<div  class='av-special-heading av-4ljrtt-924e9c8ce409363336e5ca63dd73da39 av-special-heading-h3 blockquote modern-quote  avia-builder-el-6  el_before_av_iconlist  avia-builder-el-first '><h3 class='av-special-heading-tag'  itemprop=\"headline\"  ><\/p>\n<p><b>Nat\u00fcrlich sind wir auch anders zu erreichen.<\/b><\/h3><div class=\"special-heading-border\"><div class=\"special-heading-inner-border\"><\/div><\/div><\/div><br \/>\n\n<style type=\"text\/css\" data-created_by=\"avia_inline_auto\" id=\"style-css-av-56y2o1-dd61083635ccfb5137093a21f3376f18\">\n#top .avia-icon-list-container.av-56y2o1-dd61083635ccfb5137093a21f3376f18 .iconlist_icon{\ncolor:#ffffff;\nbackground-color:#004472;\n}\n#top #wrap_all .avia-icon-list-container.av-56y2o1-dd61083635ccfb5137093a21f3376f18 .av_iconlist_title{\nfont-size:17px;\n}\n.avia-icon-list-container.av-56y2o1-dd61083635ccfb5137093a21f3376f18 .iconlist_content{\nfont-size:17px;\n}\n<\/style>\n<div  class='avia-icon-list-container av-56y2o1-dd61083635ccfb5137093a21f3376f18  avia-builder-el-7  el_after_av_heading  avia-builder-el-last '><ul class='avia-icon-list avia_animate_when_almost_visible avia-icon-list-left av-iconlist-big av-56y2o1-dd61083635ccfb5137093a21f3376f18 avia-iconlist-animate'>\n<li><div class='iconlist_icon av-357k1d-3ca5ee58801bb8c99d03ffc6e0f3d44c avia-font-entypo-fontello'><span class='iconlist-char' aria-hidden='true' data-av_icon='\ue854' data-av_iconfont='entypo-fontello'><\/span><\/div><article class=\"article-icon-entry \"  itemscope=\"itemscope\" itemtype=\"https:\/\/schema.org\/CreativeWork\" ><div class=\"iconlist_content_wrap\"><header class=\"entry-content-header\"><h4 class='av_iconlist_title iconlist_title  '  itemprop=\"headline\" ><b>So erreichst Du das Sekretariat<\/b><\/h4><\/header><div class='iconlist_content '  itemprop=\"text\" ><p>Telefon: 05522 5027-0<br \/>\n<span lang=\"IT\">Telefax: <\/span>05522 5027-150<\/p>\n<\/div><\/div><footer class=\"entry-footer\"><\/footer><\/article><div class=\"iconlist-timeline\"><\/div><\/li>\n<li><div class='iconlist_icon av-2g26sx-2b00b950f10189ef1772f94067f4da9f avia-font-entypo-fontello'><span class='iconlist-char' aria-hidden='true' data-av_icon='\ue862' data-av_iconfont='entypo-fontello'><\/span><\/div><article class=\"article-icon-entry \"  itemscope=\"itemscope\" itemtype=\"https:\/\/schema.org\/CreativeWork\" ><div class=\"iconlist_content_wrap\"><header class=\"entry-content-header\"><h4 class='av_iconlist_title iconlist_title  '  itemprop=\"headline\" ><b>\u00d6ffnungszeiten des Sekretariats<\/b><\/h4><\/header><div class='iconlist_content '  itemprop=\"text\" ><p>Montag bis Freitag:\u00a0\u00a0\u00a0\u00a0\u00a0\u00a0\u00a0\u00a0\u00a0\u00a0\u00a0\u00a007:00-13:15\u00a0Uhr<br \/>\nDienstag &amp; Donnerstag:\u00a0\u00a0\u00a0 14:00-16:00 Uhr<\/p>\n<\/div><\/div><footer class=\"entry-footer\"><\/footer><\/article><div class=\"iconlist-timeline\"><\/div><\/li>\n<\/ul><\/div><\/p><\/div>\n","protected":false},"excerpt":{"rendered":"","protected":false},"author":40,"featured_media":12413,"parent":155,"menu_order":0,"comment_status":"closed","ping_status":"closed","template":"","meta":[],"_links":{"self":[{"href":"https:\/\/bbs1osterode.de\/index.php\/wp-json\/wp\/v2\/pages\/12905"}],"collection":[{"href":"https:\/\/bbs1osterode.de\/index.php\/wp-json\/wp\/v2\/pages"}],"about":[{"href":"https:\/\/bbs1osterode.de\/index.php\/wp-json\/wp\/v2\/types\/page"}],"author":[{"embeddable":true,"href":"https:\/\/bbs1osterode.de\/index.php\/wp-json\/wp\/v2\/users\/40"}],"replies":[{"embeddable":true,"href":"https:\/\/bbs1osterode.de\/index.php\/wp-json\/wp\/v2\/comments?post=12905"}],"version-history":[{"count":8,"href":"https:\/\/bbs1osterode.de\/index.php\/wp-json\/wp\/v2\/pages\/12905\/revisions"}],"predecessor-version":[{"id":12951,"href":"https:\/\/bbs1osterode.de\/index.php\/wp-json\/wp\/v2\/pages\/12905\/revisions\/12951"}],"up":[{"embeddable":true,"href":"https:\/\/bbs1osterode.de\/index.php\/wp-json\/wp\/v2\/pages\/155"}],"wp:featuredmedia":[{"embeddable":true,"href":"https:\/\/bbs1osterode.de\/index.php\/wp-json\/wp\/v2\/media\/12413"}],"wp:attachment":[{"href":"https:\/\/bbs1osterode.de\/index.php\/wp-json\/wp\/v2\/media?parent=12905"}],"curies":[{"name":"wp","href":"https:\/\/api.w.org\/{rel}","templated":true}]}}