{"id":1627,"date":"2017-06-26T15:12:28","date_gmt":"2017-06-26T13:12:28","guid":{"rendered":"https:\/\/bbs1osterode.de\/?page_id=1627"},"modified":"2018-01-10T14:21:46","modified_gmt":"2018-01-10T13:21:46","slug":"schulvorstand","status":"publish","type":"page","link":"https:\/\/bbs1osterode.de\/index.php\/schulvorstand\/","title":{"rendered":"Schulvorstand"},"content":{"rendered":"\n<style type=\"text\/css\" data-created_by=\"avia_inline_auto\" id=\"style-css-av-av_hr-41ba6e246a6b120fa099380338ad1860\">\n#top .hr.hr-invisible.av-av_hr-41ba6e246a6b120fa099380338ad1860{\nmargin-top:-30px;\nheight:1px;\n}\n<\/style>\n<div  class='hr av-av_hr-41ba6e246a6b120fa099380338ad1860 hr-invisible  avia-builder-el-0  el_before_av_layerslider  avia-builder-el-no-sibling '><span class='hr-inner '><span class=\"hr-inner-style\"><\/span><\/span><\/div>\n<\/div><\/div><\/div><!-- close content main div --><\/div><\/div><div id='layer_slider_1'  class='avia-layerslider main_color avia-shadow  avia-builder-el-1  el_after_av_hr  el_before_av_textblock  slider-not-first container_wrap fullsize'  style='height: 401px;'  ><\/div><div id='after_layer_slider_1'  class='main_color av_default_container_wrap container_wrap fullsize'  ><div class='container av-section-cont-open' ><div class='template-page content  av-content-full alpha units'><div class='post-entry post-entry-type-page post-entry-1627'><div class='entry-content-wrapper clearfix'>\n\n<style type=\"text\/css\" data-created_by=\"avia_inline_auto\" id=\"style-css-av-av_textblock-231e32e9bc11653ec6044763221688eb\">\n#top .av_textblock_section.av-av_textblock-231e32e9bc11653ec6044763221688eb .avia_textblock{\nfont-size:40px;\ncolor:#004472;\n}\n<\/style>\n<section  class='av_textblock_section av-av_textblock-231e32e9bc11653ec6044763221688eb'  itemscope=\"itemscope\" itemtype=\"https:\/\/schema.org\/CreativeWork\" ><div class='avia_textblock av_inherit_color'  itemprop=\"text\" ><p><strong>Schulvorstand<\/strong><\/p>\n<\/div><\/section>\n\n<style type=\"text\/css\" data-created_by=\"avia_inline_auto\" id=\"style-css-av-av_hr-5ba6de4b9ffa97561ff6d0158ae5a65a\">\n#top .hr.hr-invisible.av-av_hr-5ba6de4b9ffa97561ff6d0158ae5a65a{\nmargin-top:0px;\nheight:1px;\n}\n<\/style>\n<div  class='hr av-av_hr-5ba6de4b9ffa97561ff6d0158ae5a65a hr-invisible  avia-builder-el-3  el_after_av_textblock  el_before_av_two_third '><span class='hr-inner '><span class=\"hr-inner-style\"><\/span><\/span><\/div>\n\n<style type=\"text\/css\" data-created_by=\"avia_inline_auto\" id=\"style-css-av-av_two_third-6126cab7d8fab8d08143dd2dacdf673c\">\n.flex_column.av-av_two_third-6126cab7d8fab8d08143dd2dacdf673c{\nborder-radius:0px 0px 0px 0px;\n-webkit-border-radius:0px 0px 0px 0px;\n-moz-border-radius:0px 0px 0px 0px;\n}\n<\/style>\n<div class='flex_column av-av_two_third-6126cab7d8fab8d08143dd2dacdf673c av_two_third  avia-builder-el-4  el_after_av_hr  el_before_av_one_third  first flex_column_div av-zero-column-padding '   ><p>\n<style type=\"text\/css\" data-created_by=\"avia_inline_auto\" id=\"style-css-av-av_heading-d3f9ffa4a469e81af3b33b2d4d05078e\">\n#top .av-special-heading.av-av_heading-d3f9ffa4a469e81af3b33b2d4d05078e{\npadding-bottom:30px;\nfont-size:22px;\n}\nbody .av-special-heading.av-av_heading-d3f9ffa4a469e81af3b33b2d4d05078e .av-special-heading-tag .heading-char{\nfont-size:25px;\n}\n#top #wrap_all .av-special-heading.av-av_heading-d3f9ffa4a469e81af3b33b2d4d05078e .av-special-heading-tag{\nfont-size:22px;\n}\n.av-special-heading.av-av_heading-d3f9ffa4a469e81af3b33b2d4d05078e .av-subheading{\nfont-size:15px;\n}\n<\/style>\n<div  class='av-special-heading av-av_heading-d3f9ffa4a469e81af3b33b2d4d05078e av-special-heading-h3 blockquote modern-quote  avia-builder-el-5  el_before_av_textblock  avia-builder-el-first  av-inherit-size'><h3 class='av-special-heading-tag'  itemprop=\"headline\"  ><b>Schulvorstand als zentrales Entscheidungsgremium<\/b><\/h3><div class=\"special-heading-border\"><div class=\"special-heading-inner-border\"><\/div><\/div><\/div><br \/>\n<section  class='av_textblock_section av-av_textblock-0366cc7376be6c9e82a3e9cc8987b64f'  itemscope=\"itemscope\" itemtype=\"https:\/\/schema.org\/CreativeWork\" ><div class='avia_textblock'  itemprop=\"text\" ><p>Dem Schulvorstand obliegt die wichtige Aufgabe, die Arbeit der Schule mit dem Ziel der Qualit\u00e4tsentwicklung zu gestalten. (\u2026) Der Schulvorstand entscheidet u. a. \u00fcber den von der Schulleiterin\/dem Schulleiter aufgestellten Plan \u00fcber die Verwendung der Haushaltsmittel, die Zusammenarbeit mit anderen Schulen, Schulpartnerschaften, die Ausgestaltung der Stundentafel, Grunds\u00e4tze f\u00fcr die Durchf\u00fchrung von Projektwochen, f\u00fcr die Werbung und das Sponsoring in der Schule und f\u00fcr die j\u00e4hrliche \u00dcberpr\u00fcfung der Arbeit der Schule nach \u00a7 32 Abs. 3 NSchG .<\/p>\n<\/div><\/section><br \/>\n\n<style type=\"text\/css\" data-created_by=\"avia_inline_auto\" id=\"style-css-av-av_heading-965f45efdd3b9d504498a9920d024883\">\n#top .av-special-heading.av-av_heading-965f45efdd3b9d504498a9920d024883{\npadding-bottom:30px;\nfont-size:22px;\n}\nbody .av-special-heading.av-av_heading-965f45efdd3b9d504498a9920d024883 .av-special-heading-tag .heading-char{\nfont-size:25px;\n}\n#top #wrap_all .av-special-heading.av-av_heading-965f45efdd3b9d504498a9920d024883 .av-special-heading-tag{\nfont-size:22px;\n}\n.av-special-heading.av-av_heading-965f45efdd3b9d504498a9920d024883 .av-subheading{\nfont-size:15px;\n}\n<\/style>\n<div  class='av-special-heading av-av_heading-965f45efdd3b9d504498a9920d024883 av-special-heading-h3 blockquote modern-quote  avia-builder-el-7  el_after_av_textblock  el_before_av_textblock  av-inherit-size'><h3 class='av-special-heading-tag'  itemprop=\"headline\"  ><b>Die Zusammensetzung des Schulvorstandes der BBS I Osterode<\/b><\/h3><div class=\"special-heading-border\"><div class=\"special-heading-inner-border\"><\/div><\/div><\/div><br \/>\n<section  class='av_textblock_section av-av_textblock-0366cc7376be6c9e82a3e9cc8987b64f'  itemscope=\"itemscope\" itemtype=\"https:\/\/schema.org\/CreativeWork\" ><div class='avia_textblock'  itemprop=\"text\" ><p class=\"bodytext\">Schulvorstand (24 Mitglieder):<\/p>\n<p class=\"bodytext\">Die Zusammensetzung lautet wie folgt:<\/p>\n<ul>\n<li class=\"bodytext\">6 Personen: Schulleitung, SL-Vertretung, Leitungspersonen<\/li>\n<li class=\"bodytext\">6 Personen: Vertreter-\/innen der Lehrkr\u00e4fte<\/li>\n<li class=\"bodytext\">6 Personen: Sch\u00fclervertreter-\/innen<\/li>\n<\/ul>\n<ul>\n<li class=\"bodytext\">2 Personen: Vertreter\/-innen der Erziehungsberechtigte<br \/>\n(zus\u00e4tzlich 2 Personen in beratender Funktion)<\/li>\n<\/ul>\n<ul>\n<li class=\"bodytext\">4 Personen: Au\u00dferschulische Vertreter\/-innen von an der beruflichen Bildung beteiligten Einrichtungen<\/li>\n<\/ul>\n<\/div><\/section><br \/>\n<div  class='avia-button-wrap avia-button-left  avia-builder-el-9  el_after_av_textblock  avia-builder-el-last ' ><a href='https:\/\/bbs1osterode.de\/wp-content\/uploads\/2017\/06\/FAQs_Schulvorstand.pdf'  class='avia-button av-av_button-3400db5daf72786410a82f9831a80bfb avia-icon_select-no avia-size-small avia-position-left avia-color-theme-color'  target=\"_blank\"  rel=\"noopener noreferrer\"><span class='avia_iconbox_title' >FAQ Schulvorstand<\/span><\/a><\/div><\/p><\/div>\n<style type=\"text\/css\" data-created_by=\"avia_inline_auto\" id=\"style-css-av-av_one_third-0aa7055fe62c3622faec82866afbaeb2\">\n.flex_column.av-av_one_third-0aa7055fe62c3622faec82866afbaeb2{\nborder-radius:0px 0px 0px 0px;\n-webkit-border-radius:0px 0px 0px 0px;\n-moz-border-radius:0px 0px 0px 0px;\n}\n<\/style>\n<div class='flex_column av-av_one_third-0aa7055fe62c3622faec82866afbaeb2 av_one_third  avia-builder-el-10  el_after_av_two_third  avia-builder-el-last  flex_column_div av-zero-column-padding '   ><div  class='avia-button-wrap avia-button-center  avia-builder-el-11  avia-builder-el-no-sibling ' >\n<style type=\"text\/css\" data-created_by=\"avia_inline_auto\" id=\"style-css-av-av_button_big-7b924144ada93bc031e45a2e3be1603c\">\n#top #wrap_all .avia-button.av-av_button_big-7b924144ada93bc031e45a2e3be1603c{\ncolor:#ffffff;\ntransition:all 0.4s ease-in-out;\n-webkit-transition:all 0.4s ease-in-out;\n-moz-transition:all 0.4s ease-in-out;\n-ms-transition:all 0.4s ease-in-out;\n-o-transition:all 0.4s ease-in-out;\n}\n#top #wrap_all .avia-button.av-av_button_big-7b924144ada93bc031e45a2e3be1603c:hover{\nbackground-color:#444444;\ncolor:#ffffff;\ntransition:all 0.4s ease-in-out;\n-webkit-transition:all 0.4s ease-in-out;\n-moz-transition:all 0.4s ease-in-out;\n-ms-transition:all 0.4s ease-in-out;\n-o-transition:all 0.4s ease-in-out;\n}\n<\/style>\n<a href='http:\/\/portal.bbs1osterode.de\/AP_Infos\/schulgremien\/schulvorstand\/' class='avia-color-theme-color avia-button avia-button-fullwidth av-av_button_big-7b924144ada93bc031e45a2e3be1603c avia-icon_select-no avia-color-theme-color'  target=\"_blank\"  rel=\"noopener noreferrer\"><span class='avia_iconbox_title' >Login Bereich<\/span><\/a><\/div><\/div><\/p>\n","protected":false},"excerpt":{"rendered":"","protected":false},"author":1,"featured_media":0,"parent":0,"menu_order":0,"comment_status":"closed","ping_status":"closed","template":"","meta":[],"_links":{"self":[{"href":"https:\/\/bbs1osterode.de\/index.php\/wp-json\/wp\/v2\/pages\/1627"}],"collection":[{"href":"https:\/\/bbs1osterode.de\/index.php\/wp-json\/wp\/v2\/pages"}],"about":[{"href":"https:\/\/bbs1osterode.de\/index.php\/wp-json\/wp\/v2\/types\/page"}],"author":[{"embeddable":true,"href":"https:\/\/bbs1osterode.de\/index.php\/wp-json\/wp\/v2\/users\/1"}],"replies":[{"embeddable":true,"href":"https:\/\/bbs1osterode.de\/index.php\/wp-json\/wp\/v2\/comments?post=1627"}],"version-history":[{"count":10,"href":"https:\/\/bbs1osterode.de\/index.php\/wp-json\/wp\/v2\/pages\/1627\/revisions"}],"predecessor-version":[{"id":4198,"href":"https:\/\/bbs1osterode.de\/index.php\/wp-json\/wp\/v2\/pages\/1627\/revisions\/4198"}],"wp:attachment":[{"href":"https:\/\/bbs1osterode.de\/index.php\/wp-json\/wp\/v2\/media?parent=1627"}],"curies":[{"name":"wp","href":"https:\/\/api.w.org\/{rel}","templated":true}]}}