{"id":2468,"date":"2017-08-01T16:09:01","date_gmt":"2017-08-01T14:09:01","guid":{"rendered":"https:\/\/bbs1osterode.de\/?page_id=2468"},"modified":"2018-06-20T10:46:55","modified_gmt":"2018-06-20T08:46:55","slug":"du-hast","status":"publish","type":"page","link":"https:\/\/bbs1osterode.de\/index.php\/du-hast\/","title":{"rendered":"Du hast.."},"content":{"rendered":"<div id='layer_slider_1'  class='avia-layerslider main_color avia-shadow  avia-builder-el-0  el_before_av_textblock  avia-builder-el-first  container_wrap fullsize'  style='height: 401px;'  ><\/div><div id='after_layer_slider_1'  class='main_color av_default_container_wrap container_wrap fullsize'  ><div class='container av-section-cont-open' ><div class='template-page content  av-content-full alpha units'><div class='post-entry post-entry-type-page post-entry-2468'><div class='entry-content-wrapper clearfix'>\n<section  class='av_textblock_section av-av_textblock-0366cc7376be6c9e82a3e9cc8987b64f'  itemscope=\"itemscope\" itemtype=\"https:\/\/schema.org\/CreativeWork\" ><div class='avia_textblock'  itemprop=\"text\" ><p><strong>Wenn du sehen\u00a0m\u00f6chtest, wie du mit deinem bestehenden\u00a0Abschluss bei uns weiterkommen kannst, klicke auf den entsprechenden Eintrag.<\/strong><\/p>\n<\/div><\/section>\n\n<style type=\"text\/css\" data-created_by=\"avia_inline_auto\" id=\"style-css-av-av_heading-319dd0a106a56715643383f147720c0b\">\n#top .av-special-heading.av-av_heading-319dd0a106a56715643383f147720c0b{\npadding-bottom:10px;\n}\nbody .av-special-heading.av-av_heading-319dd0a106a56715643383f147720c0b .av-special-heading-tag .heading-char{\nfont-size:25px;\n}\n.av-special-heading.av-av_heading-319dd0a106a56715643383f147720c0b .av-subheading{\nfont-size:15px;\n}\n<\/style>\n<div  class='av-special-heading av-av_heading-319dd0a106a56715643383f147720c0b av-special-heading-h3 blockquote modern-quote  avia-builder-el-2  el_after_av_textblock  el_before_av_textblock '><h3 class='av-special-heading-tag'  itemprop=\"headline\"  ><b>Du hast&#8230;<\/b><\/h3><div class=\"special-heading-border\"><div class=\"special-heading-inner-border\"><\/div><\/div><\/div>\n<section  class='av_textblock_section av-av_textblock-0366cc7376be6c9e82a3e9cc8987b64f'  itemscope=\"itemscope\" itemtype=\"https:\/\/schema.org\/CreativeWork\" ><div class='avia_textblock'  itemprop=\"text\" ><p><strong>&#8230; keinen Hauptschulabschluss?<\/strong><\/p>\n<p>Dann kannst du bei uns diese Schulform besuchen:<\/p>\n<ul>\n<li><a href=\"https:\/\/bbs1osterode.de\/index.php\/berufsschule\/\">Berufsschule<\/a><\/li>\n<li>andere M\u00f6glichkeiten: siehe Angebote der BBS II Osterode am Harz<\/li>\n<\/ul>\n<p><strong>&#8230; einen Hauptschulabschluss?<\/strong><\/p>\n<p>Dann kannst du bei uns diese Schulformen besuchen:<\/p>\n<ul>\n<li><a href=\"https:\/\/bbs1osterode.de\/index.php\/berufsfachschulen\/\">Einj\u00e4hrige Berufsschule &#8211; Wirtschaft: Einzelhandel<\/a><\/li>\n<li><a href=\"https:\/\/bbs1osterode.de\/index.php\/berufsschule\/\">Berufsschule<\/a><\/li>\n<\/ul>\n<p><strong>&#8230; einen Realschulabschluss?<\/strong><\/p>\n<p>Dann\u00a0hast du die Wahl zwischen folgenden Schulformen:<\/p>\n<ul>\n<li><a href=\"https:\/\/bbs1osterode.de\/index.php\/fachoberschule-2\/\"><span class=\"item-title\">Fachoberschule &#8211; Wirtschaft<\/span><\/a><\/li>\n<li><a href=\"https:\/\/bbs1osterode.de\/index.php\/pta-2\/\">2,5-j\u00e4hrige berufsqualifizierende Berufsfachschule &#8211; Pharmazeutisch-technische\/r Assistent\/in (PTA)<\/a><\/li>\n<li><a href=\"https:\/\/bbs1osterode.de\/index.php\/bfs-bmha\/\">Einj\u00e4hrige Berufsfachschule &#8211; Wirtschaft f\u00fcr Realschulabsolventen: Handel, B\u00fcromanagement, Informatik<\/a><\/li>\n<li><a href=\"https:\/\/bbs1osterode.de\/index.php\/berufsschule\/\">Berufsschule<\/a><\/li>\n<\/ul>\n<p><strong>&#8230; einen Erweiterten Sekundarabschluss I?<\/strong><\/p>\n<p>Dann kannst du bei uns diese Schulformen besuchen:<\/p>\n<ul>\n<li><a href=\"https:\/\/bbs1osterode.de\/index.php\/bfs-bmha\/\">Einj\u00e4hrige Berufsfachschule &#8211; Wirtschaft f\u00fcr Realschulabsolventen: Handel, B\u00fcromanagement, Informatik<\/a><\/li>\n<li><a href=\"https:\/\/bbs1osterode.de\/index.php\/beruflichesgymnasium\/\"><span class=\"item-title\">Berufliches Gymnasium (Sozialp\u00e4dagogik, Technik, Wirtschaft)<\/span><\/a><\/li>\n<li><a href=\"https:\/\/bbs1osterode.de\/index.php\/fachoberschule-2\/\">Fachoberschule &#8211; Wirtschaft<\/a><\/li>\n<li><a href=\"https:\/\/bbs1osterode.de\/index.php\/berufsschule\/\">Berufsschule<\/a><\/li>\n<\/ul>\n<p><strong>&#8230; eine abgeschlossene kaufm\u00e4nnische Berufsausbildung?<\/strong><\/p>\n<p>Dann kannst du in nur einem Jahr die allgemeine Fachhochschulreife hier erlangen:<\/p>\n<ul>\n<li><a href=\"https:\/\/bbs1osterode.de\/index.php\/fachoberschule-2\/\">Fachoberschule &#8211; Wirtschaft (Einstieg in Klasse 12)<\/a><\/li>\n<\/ul>\n<p><strong>&#8230; einen Ausbildungsvertrag?<\/strong><\/p>\n<p>Dann wirst du diese Schulform besuchen:<\/p>\n<ul>\n<li><a href=\"https:\/\/bbs1osterode.de\/index.php\/berufsschule\/\">Berufsschule<\/a><\/li>\n<\/ul>\n<p><strong>&#8230; die Allgemeine Fachhochschulreife oder Abitur?<\/strong><\/p>\n<p>Dann sind folgende Schulformen vermutlich interessant f\u00fcr dich:<\/p>\n<ul>\n<li><a href=\"https:\/\/bbs1osterode.de\/index.php\/pta-2\/\"><span class=\"item-title\">2,5-j\u00e4hrige berufsqualifizierende Berufsfachschule &#8211; Pharmazeutisch-technische\/r Assistent\/in (PTA)<\/span><\/a><\/li>\n<li><a href=\"https:\/\/bbs1osterode.de\/index.php\/berufsschule\/\"><span class=\"item-title\">Berufsschule<\/span><\/a><\/li>\n<\/ul>\n<\/div><\/section>\n","protected":false},"excerpt":{"rendered":"","protected":false},"author":1,"featured_media":0,"parent":0,"menu_order":0,"comment_status":"closed","ping_status":"closed","template":"","meta":[],"_links":{"self":[{"href":"https:\/\/bbs1osterode.de\/index.php\/wp-json\/wp\/v2\/pages\/2468"}],"collection":[{"href":"https:\/\/bbs1osterode.de\/index.php\/wp-json\/wp\/v2\/pages"}],"about":[{"href":"https:\/\/bbs1osterode.de\/index.php\/wp-json\/wp\/v2\/types\/page"}],"author":[{"embeddable":true,"href":"https:\/\/bbs1osterode.de\/index.php\/wp-json\/wp\/v2\/users\/1"}],"replies":[{"embeddable":true,"href":"https:\/\/bbs1osterode.de\/index.php\/wp-json\/wp\/v2\/comments?post=2468"}],"version-history":[{"count":24,"href":"https:\/\/bbs1osterode.de\/index.php\/wp-json\/wp\/v2\/pages\/2468\/revisions"}],"predecessor-version":[{"id":11876,"href":"https:\/\/bbs1osterode.de\/index.php\/wp-json\/wp\/v2\/pages\/2468\/revisions\/11876"}],"wp:attachment":[{"href":"https:\/\/bbs1osterode.de\/index.php\/wp-json\/wp\/v2\/media?parent=2468"}],"curies":[{"name":"wp","href":"https:\/\/api.w.org\/{rel}","templated":true}]}}