{"id":3306,"date":"2018-01-10T14:34:29","date_gmt":"2018-01-10T13:34:29","guid":{"rendered":"https:\/\/bbs1osterode.de\/?page_id=3306"},"modified":"2024-11-03T19:11:12","modified_gmt":"2024-11-03T18:11:12","slug":"bs-bankkaufleute-2-2","status":"publish","type":"page","link":"https:\/\/bbs1osterode.de\/index.php\/bs-bankkaufleute-2-2\/","title":{"rendered":"BS Bankkaufleute"},"content":{"rendered":"<div id='layer_slider_1'  class='avia-layerslider main_color avia-shadow  avia-builder-el-0  el_before_av_textblock  avia-builder-el-first  container_wrap fullsize'  style='height: 401px;'  ><\/div><div id='after_layer_slider_1'  class='main_color av_default_container_wrap container_wrap fullsize'  ><div class='container av-section-cont-open' ><div class='template-page content  av-content-full alpha units'><div class='post-entry post-entry-type-page post-entry-3306'><div class='entry-content-wrapper clearfix'>\n<section  class='av_textblock_section av-269w9ai-d572695f2f1442b3653355219a1e61e8'  itemscope=\"itemscope\" itemtype=\"https:\/\/schema.org\/CreativeWork\" ><div class='avia_textblock'  itemprop=\"text\" ><p><a href=\"https:\/\/bbs1osterode.de\/index.php\/berufsschule\/\">zur\u00fcck zur \u00dcbersicht<\/a><\/p>\n<\/div><\/section>\n\n<style type=\"text\/css\" data-created_by=\"avia_inline_auto\" id=\"style-css-av-24scquy-eab5a9b62f5800a9016ba7c8af35b052\">\n.flex_column.av-24scquy-eab5a9b62f5800a9016ba7c8af35b052{\nborder-radius:0px 0px 0px 0px;\n-webkit-border-radius:0px 0px 0px 0px;\n-moz-border-radius:0px 0px 0px 0px;\n}\n<\/style>\n<div class='flex_column av-24scquy-eab5a9b62f5800a9016ba7c8af35b052 av_three_fifth  avia-builder-el-2  el_after_av_textblock  el_before_av_one_fifth  first flex_column_div av-zero-column-padding column-top-margin'   ><p>\n<style type=\"text\/css\" data-created_by=\"avia_inline_auto\" id=\"style-css-av-23zknh6-d920da31f361547c899f2e107a0ff381\">\n#top .av-special-heading.av-23zknh6-d920da31f361547c899f2e107a0ff381{\npadding-bottom:20px;\nfont-size:26px;\n}\nbody .av-special-heading.av-23zknh6-d920da31f361547c899f2e107a0ff381 .av-special-heading-tag .heading-char{\nfont-size:25px;\n}\n#top #wrap_all .av-special-heading.av-23zknh6-d920da31f361547c899f2e107a0ff381 .av-special-heading-tag{\nfont-size:26px;\n}\n.av-special-heading.av-23zknh6-d920da31f361547c899f2e107a0ff381 .av-subheading{\nfont-size:15px;\n}\n<\/style>\n<div  class='av-special-heading av-23zknh6-d920da31f361547c899f2e107a0ff381 av-special-heading-h3 blockquote modern-quote  avia-builder-el-3  el_before_av_textblock  avia-builder-el-first  av-inherit-size'><h3 class='av-special-heading-tag'  itemprop=\"headline\"  ><b>F\u00fcr diese Ausbildung bringst du mit<\/b><\/h3><div class=\"special-heading-border\"><div class=\"special-heading-inner-border\"><\/div><\/div><\/div><br \/>\n<section  class='av_textblock_section av-21j97lm-ec432f84accff18818bb636add18e1f7'  itemscope=\"itemscope\" itemtype=\"https:\/\/schema.org\/CreativeWork\" ><div class='avia_textblock'  itemprop=\"text\" ><ul>\n<li>Freude am Umgang mit Menschen<\/li>\n<li>Freude am Verkauf und Verkaufsgeschick<\/li>\n<li>Selbst\u00e4ndigkeit<\/li>\n<li>gepflegtes \u00c4u\u00dferes<\/li>\n<li>Verschwiegenheit gegen\u00fcber unternehmensinternen sowie kundenbezogenen Informationen<\/li>\n<li>Interesse an bankspezifischen und wirtschaftlichen Zusammenh\u00e4ngen<\/li>\n<li>Teamgeist, Engagement und Leistungsbereitschaft<\/li>\n<\/ul>\n<\/div><\/section><br \/>\n\n<style type=\"text\/css\" data-created_by=\"avia_inline_auto\" id=\"style-css-av-20kfs56-c4c621fdf041789af99704c8c0bed820\">\n#top .hr.hr-invisible.av-20kfs56-c4c621fdf041789af99704c8c0bed820{\nheight:20px;\n}\n<\/style>\n<div  class='hr av-20kfs56-c4c621fdf041789af99704c8c0bed820 hr-invisible  avia-builder-el-5  el_after_av_textblock  el_before_av_heading '><span class='hr-inner '><span class=\"hr-inner-style\"><\/span><\/span><\/div><br \/>\n\n<style type=\"text\/css\" data-created_by=\"avia_inline_auto\" id=\"style-css-av-1xqbaqy-0ddfcfe3ef3bbcce396aa6212fa4827c\">\n#top .av-special-heading.av-1xqbaqy-0ddfcfe3ef3bbcce396aa6212fa4827c{\npadding-bottom:20px;\nfont-size:26px;\n}\nbody .av-special-heading.av-1xqbaqy-0ddfcfe3ef3bbcce396aa6212fa4827c .av-special-heading-tag .heading-char{\nfont-size:25px;\n}\n#top #wrap_all .av-special-heading.av-1xqbaqy-0ddfcfe3ef3bbcce396aa6212fa4827c .av-special-heading-tag{\nfont-size:26px;\n}\n.av-special-heading.av-1xqbaqy-0ddfcfe3ef3bbcce396aa6212fa4827c .av-subheading{\nfont-size:15px;\n}\n<\/style>\n<div  class='av-special-heading av-1xqbaqy-0ddfcfe3ef3bbcce396aa6212fa4827c av-special-heading-h3 blockquote modern-quote  avia-builder-el-6  el_after_av_hr  el_before_av_textblock  av-inherit-size'><h3 class='av-special-heading-tag'  itemprop=\"headline\"  ><b>So absolvierst du deine Ausbildung<\/b><\/h3><div class=\"special-heading-border\"><div class=\"special-heading-inner-border\"><\/div><\/div><\/div><br \/>\n<section  class='av_textblock_section av-1wiksne-ac0cd680295602c7477fdd3a3e4d0050'  itemscope=\"itemscope\" itemtype=\"https:\/\/schema.org\/CreativeWork\" ><div class='avia_textblock'  itemprop=\"text\" ><ul>\n<li>dreij\u00e4hrige T\u00e4tigkeit in einem Kreditinstitut (Sparkasse, Genossenschaftsbank, Privatbank)<\/li>\n<li>Blockunterricht in der Berufsschule (in diesen Zeiten bist du nicht in der Bank t\u00e4tig)<\/li>\n<li>unter bestimmten Voraussetzungen ist eine Verk\u00fcrzung der Ausbildungsdauer m\u00f6glich<\/li>\n<\/ul>\n<\/div><\/section><br \/>\n\n<style type=\"text\/css\" data-created_by=\"avia_inline_auto\" id=\"style-css-av-1un9yfe-64bf9e3c3c52e9c1a704f3a3dcd72b49\">\n#top .hr.hr-invisible.av-1un9yfe-64bf9e3c3c52e9c1a704f3a3dcd72b49{\nheight:20px;\n}\n<\/style>\n<div  class='hr av-1un9yfe-64bf9e3c3c52e9c1a704f3a3dcd72b49 hr-invisible  avia-builder-el-8  el_after_av_textblock  el_before_av_heading '><span class='hr-inner '><span class=\"hr-inner-style\"><\/span><\/span><\/div><br \/>\n\n<style type=\"text\/css\" data-created_by=\"avia_inline_auto\" id=\"style-css-av-1tdfska-318fd8a7bc5cff0fb82b6bda47cec08d\">\n#top .av-special-heading.av-1tdfska-318fd8a7bc5cff0fb82b6bda47cec08d{\npadding-bottom:20px;\nfont-size:26px;\n}\nbody .av-special-heading.av-1tdfska-318fd8a7bc5cff0fb82b6bda47cec08d .av-special-heading-tag .heading-char{\nfont-size:25px;\n}\n#top #wrap_all .av-special-heading.av-1tdfska-318fd8a7bc5cff0fb82b6bda47cec08d .av-special-heading-tag{\nfont-size:26px;\n}\n.av-special-heading.av-1tdfska-318fd8a7bc5cff0fb82b6bda47cec08d .av-subheading{\nfont-size:15px;\n}\n<\/style>\n<div  class='av-special-heading av-1tdfska-318fd8a7bc5cff0fb82b6bda47cec08d av-special-heading-h3 blockquote modern-quote  avia-builder-el-9  el_after_av_hr  el_before_av_textblock  av-inherit-size'><h3 class='av-special-heading-tag'  itemprop=\"headline\"  ><b>Wir bieten dir<\/b><\/h3><div class=\"special-heading-border\"><div class=\"special-heading-inner-border\"><\/div><\/div><\/div><br \/>\n<section  class='av_textblock_section av-1sf8nkq-dc3e157e525162122605075d60459b41'  itemscope=\"itemscope\" itemtype=\"https:\/\/schema.org\/CreativeWork\" ><div class='avia_textblock'  itemprop=\"text\" ><ul>\n<li>modern ausgestattete PC-Arbeitsr\u00e4ume<\/li>\n<li>Qualifizierung zum\/zur Europakaufmann\/-frau<\/li>\n<li>Erwerb des KMK-Zertifikats f\u00fcr Englisch<\/li>\n<li>ggf. Erwerb des Erweiterten Sekundarabschluss I<\/li>\n<li>ggf. Erwerb der Fachhochschulreife (Voraussetzung: bereits erworbener schulischer Teil der Fachhochschulreife vor Beginn der Ausbildung)<\/li>\n<\/ul>\n<\/div><\/section><br \/>\n\n<style type=\"text\/css\" data-created_by=\"avia_inline_auto\" id=\"style-css-av-1qmyp3u-ac31df56bd8c35a672588a39c4056fb7\">\n#top .hr.hr-invisible.av-1qmyp3u-ac31df56bd8c35a672588a39c4056fb7{\nheight:20px;\n}\n<\/style>\n<div  class='hr av-1qmyp3u-ac31df56bd8c35a672588a39c4056fb7 hr-invisible  avia-builder-el-11  el_after_av_textblock  el_before_av_heading '><span class='hr-inner '><span class=\"hr-inner-style\"><\/span><\/span><\/div><br \/>\n\n<style type=\"text\/css\" data-created_by=\"avia_inline_auto\" id=\"style-css-av-1o3zg5m-7f370efc9550c8bd081b8b8b4cce0a56\">\n#top .av-special-heading.av-1o3zg5m-7f370efc9550c8bd081b8b8b4cce0a56{\npadding-bottom:20px;\nfont-size:26px;\n}\nbody .av-special-heading.av-1o3zg5m-7f370efc9550c8bd081b8b8b4cce0a56 .av-special-heading-tag .heading-char{\nfont-size:25px;\n}\n#top #wrap_all .av-special-heading.av-1o3zg5m-7f370efc9550c8bd081b8b8b4cce0a56 .av-special-heading-tag{\nfont-size:26px;\n}\n.av-special-heading.av-1o3zg5m-7f370efc9550c8bd081b8b8b4cce0a56 .av-subheading{\nfont-size:15px;\n}\n<\/style>\n<div  class='av-special-heading av-1o3zg5m-7f370efc9550c8bd081b8b8b4cce0a56 av-special-heading-h3 blockquote modern-quote  avia-builder-el-12  el_after_av_hr  el_before_av_table  av-inherit-size'><h3 class='av-special-heading-tag'  itemprop=\"headline\"  ><b>Das sind die Lernfelder, die dich erwarten<\/b><\/h3><div class=\"special-heading-border\"><div class=\"special-heading-inner-border\"><\/div><\/div><\/div><br \/>\n<div class='avia-data-table-wrap av-1mj5u6i-fa37a2f636e4d0c9b2f9b33f3a8897a4 avia_responsive_table avia-table-1'><table  class='avia-table avia-data-table avia_pricing_default  avia-builder-el-13  el_after_av_heading  el_before_av_textblock '  itemscope=\"itemscope\" itemtype=\"https:\/\/schema.org\/Table\" ><tbody><tr class='avia-heading-row'><th class=''>Grundstufe<\/th><th class=''>Fachstufe 1<\/th><th class=''>Fachstufe 2<\/th><\/tr><tr class=''><td class=''>Lernfeld 1: Die eigene Rolle im Betrieb und im Wirtschaftsleben mitgestalten<\/td><td class=''>Lernfeld 6: Marktmodelle anwenden<\/td><td class=''>Lernfeld 10: Gesamtwirtschaftliche Einfl\u00fcsse analysieren und beurteilen<\/td><\/tr><tr class=''><td class=''>Lernfeld 2: Konten f\u00fcr Privatkunden f\u00fchren und den Zahlungsverkehr abwickeln<br \/>\n<\/td><td class=''>Lernfeld 7: Wertstr\u00f6me und Gesch\u00e4ftsprozesse erfassen und dokumentieren<\/td><td class=''>Lernfeld 11: Wertsch\u00f6pfungsprozesse erfolgsorientiert steuern<\/td><\/tr><tr class=''><td class=''>Lernfeld 3: Konten f\u00fcr Gesch\u00e4fts- und Firmenkunden f\u00fchren und den Zahlungsverkehr abwickeln<\/td><td class=''>Lernfeld 8: Kunden \u00fcber die Anlage in Finanzinstru- menten beraten<\/td><td class=''>Lernfeld 12: Kunden \u00fcber Produkte der Vorsorge und Absicherung informieren<br \/>\n<\/td><\/tr><tr class=''><td class=''>Lernfeld 4: Kunden \u00fcber Anlagen auf Konten und staatlich gef\u00f6rdertes Sparen beraten<\/td><td class=''>Lernfeld 9: Baufinanzierungen abschlie\u00dfen<\/td><td class=''>Lernfeld 13: Finanzierungen f\u00fcr Gesch\u00e4fts- und Firmenkunden abschlie\u00dfen<\/td><\/tr><tr class=''><td class=''>Lernfeld 5: Allgemein-Verbraucherdarlehensvertr\u00e4ge abschlie\u00dfen<\/td><td class=''><\/td><td class=''><\/td><\/tr><\/tbody><\/table><\/div><style type='text\/css'>.avia-table-1 td:nth-of-type(1):before { content: 'Grundstufe'; } .avia-table-1 td:nth-of-type(2):before { content: 'Fachstufe 1'; } .avia-table-1 td:nth-of-type(3):before { content: 'Fachstufe 2'; } <\/style><br \/>\n<section  class='av_textblock_section av-np5la2-fde9d407ded616084f94bf4d00efd2da'  itemscope=\"itemscope\" itemtype=\"https:\/\/schema.org\/CreativeWork\" ><div class='avia_textblock'  itemprop=\"text\" ><p>Weitere Informationen findest du im <a href=\"https:\/\/bbs1osterode.de\/index.php\/downloads\/#bs\"><strong>FLYER<\/strong><\/a><\/p>\n<\/div><\/section><\/p><\/div>\n<style type=\"text\/css\" data-created_by=\"avia_inline_auto\" id=\"style-css-av-n48f2y-f35a601b2266c3394f8439add241775e\">\n.flex_column.av-n48f2y-f35a601b2266c3394f8439add241775e{\nborder-radius:0px 0px 0px 0px;\n-webkit-border-radius:0px 0px 0px 0px;\n-moz-border-radius:0px 0px 0px 0px;\n}\n<\/style>\n<div class='flex_column av-n48f2y-f35a601b2266c3394f8439add241775e av_one_fifth  avia-builder-el-15  el_after_av_three_fifth  el_before_av_one_fifth  flex_column_div av-zero-column-padding column-top-margin'   ><p>\n<style type=\"text\/css\" data-created_by=\"avia_inline_auto\" id=\"style-css-av-21xw62-7cc92d065c3640deadc6a9c6a92e07eb\">\n.avia-image-container.av-21xw62-7cc92d065c3640deadc6a9c6a92e07eb .av-image-caption-overlay-center{\ncolor:#ffffff;\n}\n<\/style>\n<div  class='avia-image-container av-21xw62-7cc92d065c3640deadc6a9c6a92e07eb av-styling- avia-align-left  avia-builder-el-16  el_before_av_hr  avia-builder-el-first '  itemprop=\"image\" itemscope=\"itemscope\" itemtype=\"https:\/\/schema.org\/ImageObject\" ><div class=\"avia-image-container-inner\"><div class=\"avia-image-overlay-wrap\"><img class='wp-image-5593 avia-img-lazy-loading-not-5593 avia_image' src=\"https:\/\/bbs1osterode.de\/wp-content\/uploads\/2018\/03\/3_Homepage_Nadine-Hoffmeister-248x300.jpg\" alt='' title='3_Homepage_Nadine Hoffmeister'  height=\"300\" width=\"248\"  itemprop=\"thumbnailUrl\" srcset=\"https:\/\/bbs1osterode.de\/wp-content\/uploads\/2018\/03\/3_Homepage_Nadine-Hoffmeister-248x300.jpg 248w, https:\/\/bbs1osterode.de\/wp-content\/uploads\/2018\/03\/3_Homepage_Nadine-Hoffmeister-768x930.jpg 768w, https:\/\/bbs1osterode.de\/wp-content\/uploads\/2018\/03\/3_Homepage_Nadine-Hoffmeister-851x1030.jpg 851w, https:\/\/bbs1osterode.de\/wp-content\/uploads\/2018\/03\/3_Homepage_Nadine-Hoffmeister-1239x1500.jpg 1239w, https:\/\/bbs1osterode.de\/wp-content\/uploads\/2018\/03\/3_Homepage_Nadine-Hoffmeister-582x705.jpg 582w, https:\/\/bbs1osterode.de\/wp-content\/uploads\/2018\/03\/3_Homepage_Nadine-Hoffmeister-450x545.jpg 450w, https:\/\/bbs1osterode.de\/wp-content\/uploads\/2018\/03\/3_Homepage_Nadine-Hoffmeister.jpg 1866w\" sizes=\"(max-width: 248px) 100vw, 248px\" \/><\/div><\/div><\/div><br \/>\n\n<style type=\"text\/css\" data-created_by=\"avia_inline_auto\" id=\"style-css-av-j4y8my-1eb1cb961e46585d79671a5de1bff1d4\">\n#top .hr.hr-invisible.av-j4y8my-1eb1cb961e46585d79671a5de1bff1d4{\nheight:20px;\n}\n<\/style>\n<div  class='hr av-j4y8my-1eb1cb961e46585d79671a5de1bff1d4 hr-invisible  avia-builder-el-17  el_after_av_image  el_before_av_textblock '><span class='hr-inner '><span class=\"hr-inner-style\"><\/span><\/span><\/div><br \/>\n<section  class='av_textblock_section av-hrwc3u-8194c960d5f5198191b5f63cfdb1c5fe'  itemscope=\"itemscope\" itemtype=\"https:\/\/schema.org\/CreativeWork\" ><div class='avia_textblock'  itemprop=\"text\" ><p>Studiendirektorin<br \/>\n<strong>Nadine Hartje<br \/>\n<\/strong>Diplom-Handelslehrerin<\/p>\n<p>Koordinatorin<\/p>\n<p>Tel: 05522 5027-106<br \/>\n<a href=\"mailto:nadine.hartje@bbs1osterode.de\">nadine.hartje@bbs1osterode.de<\/a><\/p>\n<\/div><\/section><\/p><\/div><\/p>\n\n<style type=\"text\/css\" data-created_by=\"avia_inline_auto\" id=\"style-css-av-geyagq-7626c77cc4499bd10da18bf1593fe208\">\n.flex_column.av-geyagq-7626c77cc4499bd10da18bf1593fe208{\nborder-radius:0px 0px 0px 0px;\n-webkit-border-radius:0px 0px 0px 0px;\n-moz-border-radius:0px 0px 0px 0px;\n}\n<\/style>\n<div class='flex_column av-geyagq-7626c77cc4499bd10da18bf1593fe208 av_one_fifth  avia-builder-el-19  el_after_av_one_fifth  el_before_av_one_half  flex_column_div av-zero-column-padding column-top-margin'   ><p>\n<style type=\"text\/css\" data-created_by=\"avia_inline_auto\" id=\"style-css-av-dux3ru-6790b4a991144cc110a5d4beead70741\">\n.avia-image-container.av-dux3ru-6790b4a991144cc110a5d4beead70741 .av-image-caption-overlay-center{\ncolor:#ffffff;\n}\n<\/style>\n<div  class='avia-image-container av-dux3ru-6790b4a991144cc110a5d4beead70741 av-styling- avia-align-center  avia-builder-el-20  el_before_av_hr  avia-builder-el-first '  itemprop=\"image\" itemscope=\"itemscope\" itemtype=\"https:\/\/schema.org\/ImageObject\" ><div class=\"avia-image-container-inner\"><div class=\"avia-image-overlay-wrap\"><img class='wp-image-3533 avia-img-lazy-loading-not-3533 avia_image' src=\"https:\/\/bbs1osterode.de\/wp-content\/uploads\/2018\/01\/Christian-Koch-bearb-225x300.jpg\" alt='' title='Christian Koch bearb'  height=\"300\" width=\"225\"  itemprop=\"thumbnailUrl\" srcset=\"https:\/\/bbs1osterode.de\/wp-content\/uploads\/2018\/01\/Christian-Koch-bearb-225x300.jpg 225w, https:\/\/bbs1osterode.de\/wp-content\/uploads\/2018\/01\/Christian-Koch-bearb-768x1024.jpg 768w, https:\/\/bbs1osterode.de\/wp-content\/uploads\/2018\/01\/Christian-Koch-bearb-773x1030.jpg 773w, https:\/\/bbs1osterode.de\/wp-content\/uploads\/2018\/01\/Christian-Koch-bearb-1125x1500.jpg 1125w, https:\/\/bbs1osterode.de\/wp-content\/uploads\/2018\/01\/Christian-Koch-bearb-529x705.jpg 529w, https:\/\/bbs1osterode.de\/wp-content\/uploads\/2018\/01\/Christian-Koch-bearb-450x600.jpg 450w\" sizes=\"(max-width: 225px) 100vw, 225px\" \/><\/div><\/div><\/div><br \/>\n\n<style type=\"text\/css\" data-created_by=\"avia_inline_auto\" id=\"style-css-av-cygzay-b1d83375330c06b3171272525cda6a80\">\n#top .hr.hr-invisible.av-cygzay-b1d83375330c06b3171272525cda6a80{\nheight:20px;\n}\n<\/style>\n<div  class='hr av-cygzay-b1d83375330c06b3171272525cda6a80 hr-invisible  avia-builder-el-21  el_after_av_image  el_before_av_textblock '><span class='hr-inner '><span class=\"hr-inner-style\"><\/span><\/span><\/div><br \/>\n<section  class='av_textblock_section av-aor8iy-ee0e2c9a3c29a1958bae1973e7f7ed7c'  itemscope=\"itemscope\" itemtype=\"https:\/\/schema.org\/CreativeWork\" ><div class='avia_textblock'  itemprop=\"text\" ><p>Studienrat<strong><br \/>\nChristian Koch<\/strong><br \/>\nDiplom-Handelslehrer<\/p>\n<p>Teamleiter<\/p>\n<p>Tel: 05522 5027-0<br \/>\n<a href=\"mailto:christian.koch@bbs1osterode.de\">christian.koch@bbs1osterode.de<\/a><\/p>\n<\/div><\/section><br \/>\n\n<style type=\"text\/css\" data-created_by=\"avia_inline_auto\" id=\"style-css-av-9na7pm-a5a88c90d6c268702de30ae7409645e5\">\n#top .hr.hr-invisible.av-9na7pm-a5a88c90d6c268702de30ae7409645e5{\nheight:20px;\n}\n<\/style>\n<div  class='hr av-9na7pm-a5a88c90d6c268702de30ae7409645e5 hr-invisible  avia-builder-el-23  el_after_av_textblock  el_before_av_button_big  avia-builder-el-last '><span class='hr-inner '><span class=\"hr-inner-style\"><\/span><\/span><\/div><br \/>\n<div  class='avia-button-wrap avia-button-center  avia-builder-el-24  el_after_av_hr  el_before_av_hr ' >\n<style type=\"text\/css\" data-created_by=\"avia_inline_auto\" id=\"style-css-av-7tyyne-6bf43019f5c5470f60b8019db0758f48\">\n#top #wrap_all .avia-button.av-7tyyne-6bf43019f5c5470f60b8019db0758f48{\ncolor:#ffffff;\ntransition:all 0.4s ease-in-out;\n-webkit-transition:all 0.4s ease-in-out;\n-moz-transition:all 0.4s ease-in-out;\n-ms-transition:all 0.4s ease-in-out;\n-o-transition:all 0.4s ease-in-out;\n}\n#top #wrap_all .avia-button.av-7tyyne-6bf43019f5c5470f60b8019db0758f48:hover{\nbackground-color:#444444;\ncolor:#ffffff;\ntransition:all 0.4s ease-in-out;\n-webkit-transition:all 0.4s ease-in-out;\n-moz-transition:all 0.4s ease-in-out;\n-ms-transition:all 0.4s ease-in-out;\n-o-transition:all 0.4s ease-in-out;\n}\n<\/style>\n<a href='https:\/\/bbs1osterode.de\/index.php\/downloads\/#bs' class='avia-color-theme-color avia-button avia-button-fullwidth av-7tyyne-6bf43019f5c5470f60b8019db0758f48 avia-icon_select-no avia-color-theme-color'  target=\"_blank\"  rel=\"noopener noreferrer\"><span class='avia_iconbox_title' >Anmeldeformular<\/span><\/a><\/div><br \/>\n\n<style type=\"text\/css\" data-created_by=\"avia_inline_auto\" id=\"style-css-av-5vmdt6-68b2642a961a09b508fad8f49fd3652d\">\n#top .hr.hr-invisible.av-5vmdt6-68b2642a961a09b508fad8f49fd3652d{\nheight:20px;\n}\n<\/style>\n<div  class='hr av-5vmdt6-68b2642a961a09b508fad8f49fd3652d hr-invisible  avia-builder-el-25  el_after_av_button_big  el_before_av_button_big  avia-builder-el-no-sibling '><span class='hr-inner '><span class=\"hr-inner-style\"><\/span><\/span><\/div><br \/>\n<div  class='avia-button-wrap avia-button-center  avia-builder-el-26  el_after_av_hr  avia-builder-el-last ' >\n<style type=\"text\/css\" data-created_by=\"avia_inline_auto\" id=\"style-css-av-3yk3my-9d3288433bcfdf2ae00aa4dc33c7e436\">\n#top #wrap_all .avia-button.av-3yk3my-9d3288433bcfdf2ae00aa4dc33c7e436{\ncolor:#ffffff;\ntransition:all 0.4s ease-in-out;\n-webkit-transition:all 0.4s ease-in-out;\n-moz-transition:all 0.4s ease-in-out;\n-ms-transition:all 0.4s ease-in-out;\n-o-transition:all 0.4s ease-in-out;\n}\n#top #wrap_all .avia-button.av-3yk3my-9d3288433bcfdf2ae00aa4dc33c7e436:hover{\nbackground-color:#444444;\ncolor:#ffffff;\ntransition:all 0.4s ease-in-out;\n-webkit-transition:all 0.4s ease-in-out;\n-moz-transition:all 0.4s ease-in-out;\n-ms-transition:all 0.4s ease-in-out;\n-o-transition:all 0.4s ease-in-out;\n}\n<\/style>\n<a href='https:\/\/bbs1osterode.de\/index.php\/downloads\/#bs' class='avia-color-theme-color avia-button avia-button-fullwidth av-3yk3my-9d3288433bcfdf2ae00aa4dc33c7e436 avia-icon_select-no avia-color-theme-color'  target=\"_blank\"  rel=\"noopener noreferrer\"><span class='avia_iconbox_title' >Downloadbereich<\/span><\/a><\/div><\/p><\/div>\n\n<style type=\"text\/css\" data-created_by=\"avia_inline_auto\" id=\"style-css-av-7xkbu-a36c034a189fc7b14a4d6077aef75e92\">\n.flex_column.av-7xkbu-a36c034a189fc7b14a4d6077aef75e92{\nborder-radius:0px 0px 0px 0px;\n-webkit-border-radius:0px 0px 0px 0px;\n-moz-border-radius:0px 0px 0px 0px;\n}\n<\/style>\n<div class='flex_column av-7xkbu-a36c034a189fc7b14a4d6077aef75e92 av_one_half  avia-builder-el-27  el_after_av_one_fifth  avia-builder-el-last  first flex_column_div av-zero-column-padding column-top-margin'   ><\/div>\n","protected":false},"excerpt":{"rendered":"","protected":false},"author":13,"featured_media":0,"parent":0,"menu_order":0,"comment_status":"closed","ping_status":"closed","template":"","meta":[],"_links":{"self":[{"href":"https:\/\/bbs1osterode.de\/index.php\/wp-json\/wp\/v2\/pages\/3306"}],"collection":[{"href":"https:\/\/bbs1osterode.de\/index.php\/wp-json\/wp\/v2\/pages"}],"about":[{"href":"https:\/\/bbs1osterode.de\/index.php\/wp-json\/wp\/v2\/types\/page"}],"author":[{"embeddable":true,"href":"https:\/\/bbs1osterode.de\/index.php\/wp-json\/wp\/v2\/users\/13"}],"replies":[{"embeddable":true,"href":"https:\/\/bbs1osterode.de\/index.php\/wp-json\/wp\/v2\/comments?post=3306"}],"version-history":[{"count":40,"href":"https:\/\/bbs1osterode.de\/index.php\/wp-json\/wp\/v2\/pages\/3306\/revisions"}],"predecessor-version":[{"id":12278,"href":"https:\/\/bbs1osterode.de\/index.php\/wp-json\/wp\/v2\/pages\/3306\/revisions\/12278"}],"wp:attachment":[{"href":"https:\/\/bbs1osterode.de\/index.php\/wp-json\/wp\/v2\/media?parent=3306"}],"curies":[{"name":"wp","href":"https:\/\/api.w.org\/{rel}","templated":true}]}}