{"id":550,"date":"2017-02-08T14:26:29","date_gmt":"2017-02-08T13:26:29","guid":{"rendered":"https:\/\/bbs1osterode.de\/?page_id=550"},"modified":"2022-06-23T11:46:39","modified_gmt":"2022-06-23T09:46:39","slug":"krankmeldungen","status":"publish","type":"page","link":"https:\/\/bbs1osterode.de\/index.php\/krankmeldungen\/","title":{"rendered":"Krankmeldungen"},"content":{"rendered":"<div id='layer_slider_1'  class='avia-layerslider main_color avia-shadow  avia-builder-el-0  el_before_av_textblock  avia-builder-el-first  container_wrap fullsize'  style='height: 401px;'  ><\/div><div id='after_layer_slider_1'  class='main_color av_default_container_wrap container_wrap fullsize'  ><div class='container av-section-cont-open' ><div class='template-page content  av-content-full alpha units'><div class='post-entry post-entry-type-page post-entry-550'><div class='entry-content-wrapper clearfix'>\n\n<style type=\"text\/css\" data-created_by=\"avia_inline_auto\" id=\"style-css-av-2n2m5q-36ca17ac1c1640862a14c99e2d803337\">\n#top .av_textblock_section.av-2n2m5q-36ca17ac1c1640862a14c99e2d803337 .avia_textblock{\nfont-size:40px;\n}\n<\/style>\n<section  class='av_textblock_section av-2n2m5q-36ca17ac1c1640862a14c99e2d803337'  itemscope=\"itemscope\" itemtype=\"https:\/\/schema.org\/CreativeWork\" ><div class='avia_textblock'  itemprop=\"text\" ><p><strong>Krankmeldungen<\/strong><\/p>\n<\/div><\/section>\n\n<style type=\"text\/css\" data-created_by=\"avia_inline_auto\" id=\"style-css-av-8xhq6-504d90cdcfa45a5383fbcedd0228a692\">\n#top .hr.hr-invisible.av-8xhq6-504d90cdcfa45a5383fbcedd0228a692{\nmargin-top:0px;\nheight:1px;\n}\n<\/style>\n<div  class='hr av-8xhq6-504d90cdcfa45a5383fbcedd0228a692 hr-invisible  avia-builder-el-2  el_after_av_textblock  el_before_av_three_fifth '><span class='hr-inner '><span class=\"hr-inner-style\"><\/span><\/span><\/div>\n\n<style type=\"text\/css\" data-created_by=\"avia_inline_auto\" id=\"style-css-av-262bpy-a3b99fe7074eff0b50213af235da0b5b\">\n.flex_column.av-262bpy-a3b99fe7074eff0b50213af235da0b5b{\nborder-radius:0px 0px 0px 0px;\n-webkit-border-radius:0px 0px 0px 0px;\n-moz-border-radius:0px 0px 0px 0px;\n}\n<\/style>\n<div class='flex_column av-262bpy-a3b99fe7074eff0b50213af235da0b5b av_three_fifth  avia-builder-el-3  el_after_av_hr  el_before_av_two_fifth  first flex_column_div av-zero-column-padding '   ><p>\n<style type=\"text\/css\" data-created_by=\"avia_inline_auto\" id=\"style-css-av-2104b2-444dd4c2b8dfbb6d0b47b041ffece9a6\">\n#top .av-special-heading.av-2104b2-444dd4c2b8dfbb6d0b47b041ffece9a6{\npadding-bottom:10px;\nfont-size:22px;\n}\nbody .av-special-heading.av-2104b2-444dd4c2b8dfbb6d0b47b041ffece9a6 .av-special-heading-tag .heading-char{\nfont-size:25px;\n}\n#top #wrap_all .av-special-heading.av-2104b2-444dd4c2b8dfbb6d0b47b041ffece9a6 .av-special-heading-tag{\nfont-size:22px;\n}\n.av-special-heading.av-2104b2-444dd4c2b8dfbb6d0b47b041ffece9a6 .av-subheading{\nfont-size:15px;\n}\n<\/style>\n<div  class='av-special-heading av-2104b2-444dd4c2b8dfbb6d0b47b041ffece9a6 av-special-heading-h3 blockquote modern-quote  avia-builder-el-4  el_before_av_hr  avia-builder-el-first  av-inherit-size'><h3 class='av-special-heading-tag'  itemprop=\"headline\"  ><b>Krankmeldung f\u00fcr Sch\u00fclerinnen und Sch\u00fcler<\/b><\/h3><div class='av-subheading av-subheading_below'><p>Hinweise zum Datenschutz findest Du <a href=\"https:\/\/bbs1osterode.de\/index.php\/datenschutz\/\">hier<\/a>.<\/p>\n<\/div><div class=\"special-heading-border\"><div class=\"special-heading-inner-border\"><\/div><\/div><\/div><br \/>\n\n<style type=\"text\/css\" data-created_by=\"avia_inline_auto\" id=\"style-css-av-1y99ny-f84c3ac09a88c798b5f695fcf36843c6\">\n#top .hr.hr-invisible.av-1y99ny-f84c3ac09a88c798b5f695fcf36843c6{\nheight:20px;\n}\n<\/style>\n<div  class='hr av-1y99ny-f84c3ac09a88c798b5f695fcf36843c6 hr-invisible  avia-builder-el-5  el_after_av_heading  el_before_av_textblock '><span class='hr-inner '><span class=\"hr-inner-style\"><\/span><\/span><\/div><br \/>\n<section  class='av_textblock_section av-6djji-aadbc7e977164acbe050011e76aa5d1a'  itemscope=\"itemscope\" itemtype=\"https:\/\/schema.org\/CreativeWork\" ><div class='avia_textblock'  itemprop=\"text\" ><p>Diese digitale Krankmeldung ersetzt nicht das nach der Schulordnung<br \/>\nerforderliche zeitgerechte Entschuldigungsschreiben!<\/p>\n<\/div><\/section><br \/>\n\n<style type=\"text\/css\" data-created_by=\"avia_inline_auto\" id=\"style-css-av-1iie9a-898cfb8355671200da21fec59ca27bca\">\n#top .hr.hr-invisible.av-1iie9a-898cfb8355671200da21fec59ca27bca{\nheight:20px;\n}\n<\/style>\n<div  class='hr av-1iie9a-898cfb8355671200da21fec59ca27bca hr-invisible  avia-builder-el-7  el_after_av_textblock  el_before_av_codeblock '><span class='hr-inner '><span class=\"hr-inner-style\"><\/span><\/span><\/div><br \/>\n<\/p><\/div>\n\n<style type=\"text\/css\" data-created_by=\"avia_inline_auto\" id=\"style-css-av-16tdme-564dafb5f0a0664b275592228df5eb91\">\n.flex_column.av-16tdme-564dafb5f0a0664b275592228df5eb91{\nborder-radius:0px 0px 0px 0px;\n-webkit-border-radius:0px 0px 0px 0px;\n-moz-border-radius:0px 0px 0px 0px;\n}\n<\/style>\n<div class='flex_column av-16tdme-564dafb5f0a0664b275592228df5eb91 av_two_fifth  avia-builder-el-9  el_after_av_three_fifth  el_before_av_font_icon  flex_column_div av-zero-column-padding '   ><p>\n<style type=\"text\/css\" data-created_by=\"avia_inline_auto\" id=\"style-css-av-11xrv2-d0dc3ce7ea690a3ae7fcbe8e9f3bbeeb\">\n#top .av-special-heading.av-11xrv2-d0dc3ce7ea690a3ae7fcbe8e9f3bbeeb{\npadding-bottom:10px;\n}\nbody .av-special-heading.av-11xrv2-d0dc3ce7ea690a3ae7fcbe8e9f3bbeeb .av-special-heading-tag .heading-char{\nfont-size:25px;\n}\n.av-special-heading.av-11xrv2-d0dc3ce7ea690a3ae7fcbe8e9f3bbeeb .av-subheading{\nfont-size:15px;\n}\n<\/style>\n<div  class='av-special-heading av-11xrv2-d0dc3ce7ea690a3ae7fcbe8e9f3bbeeb av-special-heading-h3 blockquote modern-quote  avia-builder-el-10  el_before_av_iconlist  avia-builder-el-first '><h3 class='av-special-heading-tag'  itemprop=\"headline\"  ><b>Nat\u00fcrlich kannst du uns auch anrufen.<\/b><\/h3><div class=\"special-heading-border\"><div class=\"special-heading-inner-border\"><\/div><\/div><\/div><br \/>\n\n<style type=\"text\/css\" data-created_by=\"avia_inline_auto\" id=\"style-css-av-ukx52-74f24c4db16a3a5c69d31576d71c5822\">\n#top .avia-icon-list-container.av-ukx52-74f24c4db16a3a5c69d31576d71c5822 .iconlist_icon{\ncolor:#ffffff;\nbackground-color:#004472;\n}\n#top #wrap_all .avia-icon-list-container.av-ukx52-74f24c4db16a3a5c69d31576d71c5822 .av_iconlist_title{\nfont-size:17px;\n}\n.avia-icon-list-container.av-ukx52-74f24c4db16a3a5c69d31576d71c5822 .iconlist_content{\nfont-size:17px;\n}\n<\/style>\n<div  class='avia-icon-list-container av-ukx52-74f24c4db16a3a5c69d31576d71c5822  avia-builder-el-11  el_after_av_heading  avia-builder-el-last '><ul class='avia-icon-list avia_animate_when_almost_visible avia-icon-list-left av-iconlist-big av-ukx52-74f24c4db16a3a5c69d31576d71c5822 avia-iconlist-animate'>\n<li><div class='iconlist_icon av-r98hy-69c19402f8f973101544494cba0b387a avia-font-entypo-fontello'><span class='iconlist-char' aria-hidden='true' data-av_icon='\ue854' data-av_iconfont='entypo-fontello'><\/span><\/div><article class=\"article-icon-entry \"  itemscope=\"itemscope\" itemtype=\"https:\/\/schema.org\/CreativeWork\" ><div class=\"iconlist_content_wrap\"><header class=\"entry-content-header\"><h4 class='av_iconlist_title iconlist_title  '  itemprop=\"headline\" ><b>So erreichst du das Sekretariat<\/b><\/h4><\/header><div class='iconlist_content '  itemprop=\"text\" ><p>Telefon: 05522 5027-0<br \/>\n<span lang=\"IT\">Telefax: <\/span>05522 5027-150<\/p>\n<\/div><\/div><footer class=\"entry-footer\"><\/footer><\/article><div class=\"iconlist-timeline\"><\/div><\/li>\n<li><div class='iconlist_icon av-j3kqm-61da18b007e41eb366a4cc9571bf6375 avia-font-entypo-fontello'><span class='iconlist-char' aria-hidden='true' data-av_icon='\ue862' data-av_iconfont='entypo-fontello'><\/span><\/div><article class=\"article-icon-entry \"  itemscope=\"itemscope\" itemtype=\"https:\/\/schema.org\/CreativeWork\" ><div class=\"iconlist_content_wrap\"><header class=\"entry-content-header\"><h4 class='av_iconlist_title iconlist_title  '  itemprop=\"headline\" ><b>\u00d6ffnungszeiten des Sekretariats<\/b><\/h4><\/header><div class='iconlist_content '  itemprop=\"text\" ><p>Montag bis Freitag:\u00a0\u00a0\u00a0\u00a0\u00a0\u00a0\u00a0\u00a0\u00a0\u00a0\u00a0\u00a007:00-13:15\u00a0Uhr<br \/>\nDienstag &amp; Donnerstag:\u00a0\u00a0\u00a0 14:00-16:00 Uhr<\/p>\n<\/div><\/div><footer class=\"entry-footer\"><\/footer><\/article><div class=\"iconlist-timeline\"><\/div><\/li>\n<li><div class='iconlist_icon av-f24mm-2047381fc9cb6517fd85e9d776eedba8 avia-font-entypo-fontello'><span class='iconlist-char' aria-hidden='true' data-av_icon='\ue844' data-av_iconfont='entypo-fontello'><\/span><\/div><article class=\"article-icon-entry \"  itemscope=\"itemscope\" itemtype=\"https:\/\/schema.org\/CreativeWork\" ><div class=\"iconlist_content_wrap\"><header class=\"entry-content-header\"><h4 class='av_iconlist_title iconlist_title  '  itemprop=\"headline\" ><b>Oder: Schreib deiner Klassenlehrkraft.<\/b><\/h4><\/header><div class='iconlist_content '  itemprop=\"text\" ><p>Die E-Mail-Adresse findest du <a href=\"https:\/\/bbs1osterode.de\/index.php\/kollegium\/\">hier.<\/a><\/p>\n<\/div><\/div><footer class=\"entry-footer\"><\/footer><\/article><div class=\"iconlist-timeline\"><\/div><\/li>\n<\/ul><\/div><\/p><\/div>\n<style type=\"text\/css\" data-created_by=\"avia_inline_auto\" id=\"style-css-av-ag306-55b97266cd692dcbed9512f029b2ba79\">\n.av_font_icon.av-ag306-55b97266cd692dcbed9512f029b2ba79{\ncolor:#004472;\nborder-color:#004472;\n}\n.av_font_icon.av-ag306-55b97266cd692dcbed9512f029b2ba79 .av-icon-char{\nfont-size:50px;\nline-height:50px;\n}\n<\/style>\n<span  class='av_font_icon av-ag306-55b97266cd692dcbed9512f029b2ba79 avia_animate_when_visible av-icon-style- avia-icon-pos-center avia-icon-animate'><span class='av-icon-char' aria-hidden='true' data-av_icon='\ue806' data-av_iconfont='entypo-fontello' data-avia-icon-tooltip=\"&lt;br \/&gt;\nWir w\u00fcnschen dir gute Besserung!&lt;br \/&gt;\n\"><\/span><\/span><\/p>\n","protected":false},"excerpt":{"rendered":"","protected":false},"author":1,"featured_media":0,"parent":0,"menu_order":0,"comment_status":"closed","ping_status":"closed","template":"","meta":[],"_links":{"self":[{"href":"https:\/\/bbs1osterode.de\/index.php\/wp-json\/wp\/v2\/pages\/550"}],"collection":[{"href":"https:\/\/bbs1osterode.de\/index.php\/wp-json\/wp\/v2\/pages"}],"about":[{"href":"https:\/\/bbs1osterode.de\/index.php\/wp-json\/wp\/v2\/types\/page"}],"author":[{"embeddable":true,"href":"https:\/\/bbs1osterode.de\/index.php\/wp-json\/wp\/v2\/users\/1"}],"replies":[{"embeddable":true,"href":"https:\/\/bbs1osterode.de\/index.php\/wp-json\/wp\/v2\/comments?post=550"}],"version-history":[{"count":40,"href":"https:\/\/bbs1osterode.de\/index.php\/wp-json\/wp\/v2\/pages\/550\/revisions"}],"predecessor-version":[{"id":11945,"href":"https:\/\/bbs1osterode.de\/index.php\/wp-json\/wp\/v2\/pages\/550\/revisions\/11945"}],"wp:attachment":[{"href":"https:\/\/bbs1osterode.de\/index.php\/wp-json\/wp\/v2\/media?parent=550"}],"curies":[{"name":"wp","href":"https:\/\/api.w.org\/{rel}","templated":true}]}}