{"id":57,"date":"2016-11-21T15:41:02","date_gmt":"2016-11-21T14:41:02","guid":{"rendered":"https:\/\/bbs1osterode.de\/?page_id=57"},"modified":"2024-11-21T16:41:59","modified_gmt":"2024-11-21T15:41:59","slug":"impressum","status":"publish","type":"page","link":"https:\/\/bbs1osterode.de\/index.php\/impressum\/","title":{"rendered":"Impressum"},"content":{"rendered":"\n<style type=\"text\/css\" data-created_by=\"avia_inline_auto\" id=\"style-css-av-dztp-ebf115420c00e594adc24622c50863ee\">\n#top .av_textblock_section.av-dztp-ebf115420c00e594adc24622c50863ee .avia_textblock{\nfont-size:40px;\n}\n<\/style>\n<section  class='av_textblock_section av-dztp-ebf115420c00e594adc24622c50863ee'  itemscope=\"itemscope\" itemtype=\"https:\/\/schema.org\/CreativeWork\" ><div class='avia_textblock'  itemprop=\"text\" ><p><strong>Impressum<\/strong><\/p>\n<\/div><\/section>\n\n<style type=\"text\/css\" data-created_by=\"avia_inline_auto\" id=\"style-css-av-bokh-c8861d1d62d72627a801febb7b7ccba7\">\n#top .hr.hr-invisible.av-bokh-c8861d1d62d72627a801febb7b7ccba7{\nheight:10px;\n}\n<\/style>\n<div  class='hr av-bokh-c8861d1d62d72627a801febb7b7ccba7 hr-invisible  avia-builder-el-1  el_after_av_textblock  el_before_av_two_third '><span class='hr-inner '><span class=\"hr-inner-style\"><\/span><\/span><\/div>\n\n<style type=\"text\/css\" data-created_by=\"avia_inline_auto\" id=\"style-css-av-2hqd9-bebb35c69b799fdb1c6041e452db4160\">\n.flex_column.av-2hqd9-bebb35c69b799fdb1c6041e452db4160{\nborder-radius:0px 0px 0px 0px;\n-webkit-border-radius:0px 0px 0px 0px;\n-moz-border-radius:0px 0px 0px 0px;\n}\n<\/style>\n<div class='flex_column av-2hqd9-bebb35c69b799fdb1c6041e452db4160 av_two_third  avia-builder-el-2  el_after_av_hr  avia-builder-el-last  first flex_column_div av-zero-column-padding '   ><p><section  class='av_textblock_section av-843h-d24a97ef0f9e33502e58d48cd0156af6'  itemscope=\"itemscope\" itemtype=\"https:\/\/schema.org\/CreativeWork\" ><div class='avia_textblock'  itemprop=\"text\" ><p><strong>Schulleitung:<\/strong><\/p>\n<p class=\"bodytext\">Schulleiter<br \/>\nOberstudiendirektor<br \/>\nHolger Pelz<\/p>\n<p class=\"bodytext\">Stellvertretender Schulleiter<br \/>\nStudiendirektor<br \/>\nThomas Hartje<\/p>\n<p><strong>Anschrift:<\/strong><\/p>\n<p class=\"bodytext\">Berufsbildende Schulen I<br \/>\nOsterode am Harz<br \/>\nEuropa-Schule<br \/>\n\u2013 Handelslehranstalt \u2013<br \/>\nNeust\u00e4dter Tor 1\/3<br \/>\nD-37520 Osterode am Harz<\/p>\n<p class=\"bodytext\">Telefon: 05522 5027-0<br \/>\n<span lang=\"IT\">Telefax:\u00a0<\/span>05522 5027-150<span lang=\"IT\">\u00a0<\/span><\/p>\n<p class=\"bodytext\"><span lang=\"IT\">E-Mail:\u00a0<\/span><a href=\"mailto:verwaltung@bbs1osterode.de\"><span lang=\"IT\">verwaltung@bbs1osterode.de<br \/>\n<\/span><\/a><span lang=\"IT\">Internet:\u00a0<\/span><a href=\"http:\/\/www.bbs1osterode.de\/\" target=\"_blank\" rel=\"noopener\"><span lang=\"IT\">www.bbs1osterode.de<\/span><\/a><\/p>\n<\/div><\/section><br \/>\n\n<style type=\"text\/css\" data-created_by=\"avia_inline_auto\" id=\"style-css-av-1fldh-b066a0374e8a754637797d0b907f4ded\">\n#top .hr.hr-invisible.av-1fldh-b066a0374e8a754637797d0b907f4ded{\nheight:10px;\n}\n<\/style>\n<div  class='hr av-1fldh-b066a0374e8a754637797d0b907f4ded hr-invisible  avia-builder-el-4  el_after_av_textblock  el_before_av_textblock '><span class='hr-inner '><span class=\"hr-inner-style\"><\/span><\/span><\/div><br \/>\n<section  class='av_textblock_section av-16j51-4f87693e08bbee5304f7094ed47df075'  itemscope=\"itemscope\" itemtype=\"https:\/\/schema.org\/CreativeWork\" ><div class='avia_textblock'  itemprop=\"text\" ><p class=\"bodytext\"><b>Haftung f\u00fcr Inhalte<\/b><\/p>\n<p class=\"bodytext\">Die Inhalte unserer Seiten wurden mit gr\u00f6\u00dfter Sorgfalt erstellt. F\u00fcr die Richtigkeit, Vollst\u00e4ndigkeit und Aktualit\u00e4t der Inhalte k\u00f6nnen wir jedoch keine Gew\u00e4hr \u00fcbernehmen. Als Diensteanbieter sind wir gem\u00e4\u00df \u00a7 7 Abs.1 TMG f\u00fcr eigene Inhalte auf diesen Seiten nach den allgemeinen Gesetzen verantwortlich. Nach \u00a7\u00a7 8 bis 10 TMG sind wir als Diensteanbieter jedoch nicht verpflichtet, \u00fcbermittelte oder gespeicherte fremde Informationen zu \u00fcberwachen oder nach Umst\u00e4nden zu forschen, die auf eine rechtswidrige T\u00e4tigkeit hinweisen. Verpflichtungen zur Entfernung oder Sperrung der Nutzung von Informationen nach den allgemeinen Gesetzen bleiben hiervon unber\u00fchrt. Eine diesbez\u00fcgliche Haftung ist jedoch erst ab dem Zeitpunkt der Kenntnis einer konkreten Rechtsverletzung m\u00f6glich. Bei Bekanntwerden von entsprechenden Rechtsverletzungen werden wir diese Inhalte umgehend entfernen.<\/p>\n<p class=\"bodytext\"><b>Haftung f\u00fcr Links<\/b><\/p>\n<p class=\"bodytext\">Unser Angebot enth\u00e4lt Links zu externen Webseiten Dritter, auf deren Inhalte wir keinen Einfluss haben. Deshalb k\u00f6nnen wir f\u00fcr diese fremden Inhalte auch keine Gew\u00e4hr \u00fcbernehmen. F\u00fcr die Inhalte der verlinkten Seiten ist stets der jeweilige Anbieter oder Betreiber der Seiten verantwortlich. Die verlinkten Seiten wurden zum Zeitpunkt der Verlinkung auf m\u00f6gliche Rechtsverst\u00f6\u00dfe \u00fcberpr\u00fcft. Rechtswidrige Inhalte waren zum Zeitpunkt der Verlinkung nicht erkennbar. Eine permanente inhaltliche Kontrolle der verlinkten Seiten ist jedoch ohne konkrete Anhaltspunkte einer Rechtsverletzung nicht zumutbar. Bei Bekanntwerden von Rechtsverletzungen werden wir derartige Links umgehend entfernen.<\/p>\n<p class=\"bodytext\"><b>Urheberrecht<\/b><\/p>\n<p class=\"bodytext\">Die durch die Seitenbetreiber erstellten Inhalte und Werke auf diesen Seiten unterliegen dem deutschen Urheberrecht. Die Vervielf\u00e4ltigung, Bearbeitung, Verbreitung und jede Art der Verwertung au\u00dferhalb der Grenzen des Urheberrechtes bed\u00fcrfen der schriftlichen Zustimmung des jeweiligen Autors bzw. Erstellers. Downloads und Kopien dieser Seite sind nur f\u00fcr den privaten, nicht kommerziellen Gebrauch gestattet. Soweit die Inhalte auf dieser Seite nicht vom Betreiber erstellt wurden, werden die Urheberrechte Dritter beachtet. Insbesondere werden Inhalte Dritter als solche gekennzeichnet. Sollten Sie trotzdem auf eine Urheberrechtsverletzung aufmerksam werden, bitten wir um einen entsprechenden Hinweis. Bei Bekanntwerden von Rechtsverletzungen werden wir derartige Inhalte umgehend entfernen.<\/p>\n<\/div><\/section><\/p><\/div>\n","protected":false},"excerpt":{"rendered":"","protected":false},"author":1,"featured_media":0,"parent":0,"menu_order":0,"comment_status":"closed","ping_status":"closed","template":"","meta":[],"_links":{"self":[{"href":"https:\/\/bbs1osterode.de\/index.php\/wp-json\/wp\/v2\/pages\/57"}],"collection":[{"href":"https:\/\/bbs1osterode.de\/index.php\/wp-json\/wp\/v2\/pages"}],"about":[{"href":"https:\/\/bbs1osterode.de\/index.php\/wp-json\/wp\/v2\/types\/page"}],"author":[{"embeddable":true,"href":"https:\/\/bbs1osterode.de\/index.php\/wp-json\/wp\/v2\/users\/1"}],"replies":[{"embeddable":true,"href":"https:\/\/bbs1osterode.de\/index.php\/wp-json\/wp\/v2\/comments?post=57"}],"version-history":[{"count":14,"href":"https:\/\/bbs1osterode.de\/index.php\/wp-json\/wp\/v2\/pages\/57\/revisions"}],"predecessor-version":[{"id":12292,"href":"https:\/\/bbs1osterode.de\/index.php\/wp-json\/wp\/v2\/pages\/57\/revisions\/12292"}],"wp:attachment":[{"href":"https:\/\/bbs1osterode.de\/index.php\/wp-json\/wp\/v2\/media?parent=57"}],"curies":[{"name":"wp","href":"https:\/\/api.w.org\/{rel}","templated":true}]}}