{"id":8337,"date":"2019-12-12T21:48:14","date_gmt":"2019-12-12T20:48:14","guid":{"rendered":"https:\/\/bbs1osterode.de\/?page_id=8337"},"modified":"2019-12-16T20:30:58","modified_gmt":"2019-12-16T19:30:58","slug":"e-commerce_info","status":"publish","type":"page","link":"https:\/\/bbs1osterode.de\/index.php\/e-commerce_info\/","title":{"rendered":"E-Commerce-Info-Veranstaltung"},"content":{"rendered":"<div id='layer_slider_1'  class='avia-layerslider main_color avia-shadow  avia-builder-el-0  el_before_av_textblock  avia-builder-el-first  container_wrap fullsize'  style='height: 401px;'  ><\/div><div id='after_layer_slider_1'  class='main_color av_default_container_wrap container_wrap fullsize'  ><div class='container av-section-cont-open' ><div class='template-page content  av-content-full alpha units'><div class='post-entry post-entry-type-page post-entry-8337'><div class='entry-content-wrapper clearfix'>\n\n<style type=\"text\/css\" data-created_by=\"avia_inline_auto\" id=\"style-css-av-av_textblock-2c4666f3ab4f7ce91aecfa132518884d\">\n#top .av_textblock_section.av-av_textblock-2c4666f3ab4f7ce91aecfa132518884d .avia_textblock{\nfont-size:40px;\n}\n<\/style>\n<section  class='av_textblock_section av-av_textblock-2c4666f3ab4f7ce91aecfa132518884d'  itemscope=\"itemscope\" itemtype=\"https:\/\/schema.org\/CreativeWork\" ><div class='avia_textblock'  itemprop=\"text\" ><p><strong>R\u00fcckmeldung f\u00fcr uns oder Anmeldung f\u00fcr Sie!<br \/>\n<\/strong><\/p>\n<p>Sprechen Sie mit uns am 20.01.2020.<\/p>\n<\/div><\/section>\n\n<style type=\"text\/css\" data-created_by=\"avia_inline_auto\" id=\"style-css-av-av_hr-5ba6de4b9ffa97561ff6d0158ae5a65a\">\n#top .hr.hr-invisible.av-av_hr-5ba6de4b9ffa97561ff6d0158ae5a65a{\nmargin-top:0px;\nheight:1px;\n}\n<\/style>\n<div  class='hr av-av_hr-5ba6de4b9ffa97561ff6d0158ae5a65a hr-invisible  avia-builder-el-2  el_after_av_textblock  el_before_av_three_fifth '><span class='hr-inner '><span class=\"hr-inner-style\"><\/span><\/span><\/div>\n\n<style type=\"text\/css\" data-created_by=\"avia_inline_auto\" id=\"style-css-av-av_three_fifth-6126cab7d8fab8d08143dd2dacdf673c\">\n.flex_column.av-av_three_fifth-6126cab7d8fab8d08143dd2dacdf673c{\nborder-radius:0px 0px 0px 0px;\n-webkit-border-radius:0px 0px 0px 0px;\n-moz-border-radius:0px 0px 0px 0px;\n}\n<\/style>\n<div class='flex_column av-av_three_fifth-6126cab7d8fab8d08143dd2dacdf673c av_three_fifth  avia-builder-el-3  el_after_av_hr  el_before_av_two_fifth  first flex_column_div av-zero-column-padding '   ><p>\n<style type=\"text\/css\" data-created_by=\"avia_inline_auto\" id=\"style-css-av-av_hr-a6de236e6c183bbbd700292deacd2b52\">\n#top .hr.hr-invisible.av-av_hr-a6de236e6c183bbbd700292deacd2b52{\nheight:20px;\n}\n<\/style>\n<div  class='hr av-av_hr-a6de236e6c183bbbd700292deacd2b52 hr-invisible  avia-builder-el-4  el_before_av_textblock  avia-builder-el-first '><span class='hr-inner '><span class=\"hr-inner-style\"><\/span><\/span><\/div><br \/>\n<section  class='av_textblock_section av-av_textblock-0366cc7376be6c9e82a3e9cc8987b64f'  itemscope=\"itemscope\" itemtype=\"https:\/\/schema.org\/CreativeWork\" ><div class='avia_textblock'  itemprop=\"text\" ><h4>Veranstaltung zum neuen Ausbildungsberuf &#8220;Kaufmann\/Kauffrau im E-Commerce&#8221;<\/h4>\n<h4>am 20.01.2020<\/h4>\n<h4>um 15:00 Uhr<\/h4>\n<h4>in den R\u00e4umlichkeiten der BBS I Osterode am Harz<\/h4>\n<\/div><\/section><br \/>\n\n<style type=\"text\/css\" data-created_by=\"avia_inline_auto\" id=\"style-css-av-av_hr-a6de236e6c183bbbd700292deacd2b52\">\n#top .hr.hr-invisible.av-av_hr-a6de236e6c183bbbd700292deacd2b52{\nheight:20px;\n}\n<\/style>\n<div  class='hr av-av_hr-a6de236e6c183bbbd700292deacd2b52 hr-invisible  avia-builder-el-6  el_after_av_textblock  el_before_av_codeblock '><span class='hr-inner '><span class=\"hr-inner-style\"><\/span><\/span><\/div><br \/>\n<br \/>\n<section  class='av_textblock_section av-av_textblock-0366cc7376be6c9e82a3e9cc8987b64f'  itemscope=\"itemscope\" itemtype=\"https:\/\/schema.org\/CreativeWork\" ><div class='avia_textblock'  itemprop=\"text\" ><p>Hinweise zum Datenschutz finden Sie <a href=\"https:\/\/bbs1osterode.de\/index.php\/datenschutz\/\">hier<\/a>.<\/p>\n<\/div><\/section><\/p><\/div>\n\n<style type=\"text\/css\" data-created_by=\"avia_inline_auto\" id=\"style-css-av-av_two_fifth-0aa7055fe62c3622faec82866afbaeb2\">\n.flex_column.av-av_two_fifth-0aa7055fe62c3622faec82866afbaeb2{\nborder-radius:0px 0px 0px 0px;\n-webkit-border-radius:0px 0px 0px 0px;\n-moz-border-radius:0px 0px 0px 0px;\n}\n<\/style>\n<div class='flex_column av-av_two_fifth-0aa7055fe62c3622faec82866afbaeb2 av_two_fifth  avia-builder-el-9  el_after_av_three_fifth  avia-builder-el-last  flex_column_div av-zero-column-padding '   ><p>\n<style type=\"text\/css\" data-created_by=\"avia_inline_auto\" id=\"style-css-av-av_heading-0e289e5b146e462014fe916454e6c6fd\">\n#top .av-special-heading.av-av_heading-0e289e5b146e462014fe916454e6c6fd{\npadding-bottom:10px;\n}\nbody .av-special-heading.av-av_heading-0e289e5b146e462014fe916454e6c6fd .av-special-heading-tag .heading-char{\nfont-size:25px;\n}\n.av-special-heading.av-av_heading-0e289e5b146e462014fe916454e6c6fd .av-subheading{\nfont-size:15px;\n}\n<\/style>\n<div  class='av-special-heading av-av_heading-0e289e5b146e462014fe916454e6c6fd av-special-heading-h3 blockquote modern-quote  avia-builder-el-10  el_before_av_iconlist  avia-builder-el-first '><h3 class='av-special-heading-tag'  itemprop=\"headline\"  ><b>Nat\u00fcrlich sind wir auch anders zu erreichen.<\/b><\/h3><div class=\"special-heading-border\"><div class=\"special-heading-inner-border\"><\/div><\/div><\/div><br \/>\n\n<style type=\"text\/css\" data-created_by=\"avia_inline_auto\" id=\"style-css-av-av_iconlist-f82b8eda237ce7d183de866b0869b63c\">\n#top .avia-icon-list-container.av-av_iconlist-f82b8eda237ce7d183de866b0869b63c .iconlist_icon{\ncolor:#ffffff;\nbackground-color:#004472;\n}\n#top #wrap_all .avia-icon-list-container.av-av_iconlist-f82b8eda237ce7d183de866b0869b63c .av_iconlist_title{\nfont-size:17px;\n}\n.avia-icon-list-container.av-av_iconlist-f82b8eda237ce7d183de866b0869b63c .iconlist_content{\nfont-size:17px;\n}\n<\/style>\n<div  class='avia-icon-list-container av-av_iconlist-f82b8eda237ce7d183de866b0869b63c  avia-builder-el-11  el_after_av_heading  avia-builder-el-last '><ul class='avia-icon-list avia_animate_when_almost_visible avia-icon-list-left av-iconlist-big av-av_iconlist-f82b8eda237ce7d183de866b0869b63c avia-iconlist-animate'>\n<li><div class='iconlist_icon av-av_iconlist_item-6cfb766514e985a408bdb5923c2660d6 avia-font-entypo-fontello'><span class='iconlist-char' aria-hidden='true' data-av_icon='\ue854' data-av_iconfont='entypo-fontello'><\/span><\/div><article class=\"article-icon-entry \"  itemscope=\"itemscope\" itemtype=\"https:\/\/schema.org\/CreativeWork\" ><div class=\"iconlist_content_wrap\"><header class=\"entry-content-header\"><h4 class='av_iconlist_title iconlist_title  '  itemprop=\"headline\" ><b>So erreichen Sie das Sekretariat<\/b><\/h4><\/header><div class='iconlist_content '  itemprop=\"text\" ><p>Telefon: 05522 960-4700<br \/>\n<span lang=\"IT\">Telefax: <\/span>05522 960-4719<\/p>\n<\/div><\/div><footer class=\"entry-footer\"><\/footer><\/article><div class=\"iconlist-timeline\"><\/div><\/li>\n<li><div class='iconlist_icon av-av_iconlist_item-39c378d2c9730429c3abc7bb8de20b27 avia-font-entypo-fontello'><span class='iconlist-char' aria-hidden='true' data-av_icon='\ue862' data-av_iconfont='entypo-fontello'><\/span><\/div><article class=\"article-icon-entry \"  itemscope=\"itemscope\" itemtype=\"https:\/\/schema.org\/CreativeWork\" ><div class=\"iconlist_content_wrap\"><header class=\"entry-content-header\"><h4 class='av_iconlist_title iconlist_title  '  itemprop=\"headline\" ><b>\u00d6ffnungszeiten des Sekretariats<\/b><\/h4><\/header><div class='iconlist_content '  itemprop=\"text\" ><p>Montag bis Freitag:\u00a0\u00a0\u00a0\u00a0\u00a0\u00a0\u00a0\u00a0\u00a0\u00a0\u00a0\u00a007:00-13:15\u00a0Uhr<br \/>\nDienstag &amp; Donnerstag:\u00a0\u00a0\u00a0 14:00-16:00 Uhr<\/p>\n<\/div><\/div><footer class=\"entry-footer\"><\/footer><\/article><div class=\"iconlist-timeline\"><\/div><\/li>\n<\/ul><\/div><\/p><\/div>\n","protected":false},"excerpt":{"rendered":"","protected":false},"author":19,"featured_media":0,"parent":0,"menu_order":0,"comment_status":"closed","ping_status":"closed","template":"","meta":[],"_links":{"self":[{"href":"https:\/\/bbs1osterode.de\/index.php\/wp-json\/wp\/v2\/pages\/8337"}],"collection":[{"href":"https:\/\/bbs1osterode.de\/index.php\/wp-json\/wp\/v2\/pages"}],"about":[{"href":"https:\/\/bbs1osterode.de\/index.php\/wp-json\/wp\/v2\/types\/page"}],"author":[{"embeddable":true,"href":"https:\/\/bbs1osterode.de\/index.php\/wp-json\/wp\/v2\/users\/19"}],"replies":[{"embeddable":true,"href":"https:\/\/bbs1osterode.de\/index.php\/wp-json\/wp\/v2\/comments?post=8337"}],"version-history":[{"count":15,"href":"https:\/\/bbs1osterode.de\/index.php\/wp-json\/wp\/v2\/pages\/8337\/revisions"}],"predecessor-version":[{"id":9502,"href":"https:\/\/bbs1osterode.de\/index.php\/wp-json\/wp\/v2\/pages\/8337\/revisions\/9502"}],"wp:attachment":[{"href":"https:\/\/bbs1osterode.de\/index.php\/wp-json\/wp\/v2\/media?parent=8337"}],"curies":[{"name":"wp","href":"https:\/\/api.w.org\/{rel}","templated":true}]}}