{"id":8728,"date":"2020-04-21T08:51:45","date_gmt":"2020-04-21T06:51:45","guid":{"rendered":"https:\/\/bbs1osterode.de\/?page_id=8728"},"modified":"2020-04-21T09:36:18","modified_gmt":"2020-04-21T07:36:18","slug":"corona_brief","status":"publish","type":"page","link":"https:\/\/bbs1osterode.de\/index.php\/beruflichesgymnasium-2\/corona_brief\/","title":{"rendered":"Brief an die Sch\u00fcler*innen und Eltern"},"content":{"rendered":"<section  class='av_textblock_section av-av_textblock-0366cc7376be6c9e82a3e9cc8987b64f'  itemscope=\"itemscope\" itemtype=\"https:\/\/schema.org\/CreativeWork\" ><div class='avia_textblock'  itemprop=\"text\" ><p><img loading=\"lazy\" class=\"details-image alignnone\" draggable=\"false\" src=\"https:\/\/bbs1osterode.de\/wp-content\/uploads\/2018\/01\/Seemann-Weymar_Heiko_2-801x1030.jpg\" alt=\"\" width=\"192\" height=\"246\" \/><\/p>\n<p>Liebe Sch\u00fclerinnen und Sch\u00fcler!<\/p>\n<p>Nach Wochen der kompletten Schulschlie\u00dfung aufgrund der Corona-Pandemie steht nun der vorsichtige Schritt zu einer stufenweisen Wiederaufnahme des Unterrichts- und Schulbetriebs an. Ob dieser Schritt gelingt und nicht wieder zur\u00fcckgenommen werden muss, h\u00e4ngt von uns allen und von unserem verantwortungsvollen, r\u00fccksichtsvollen Handeln ab.<\/p>\n<p>Die Beschulung in den kommenden Wochen wird eine Kombination aus Pr\u00e4senzunterricht (&#8220;Lernen in der Schule) und Fernunterricht (\u201eLernen zu Hause\u201c) darstellen. Bitte entnehmen Sie der \u00fcber die Startseite unseres schulischen Portals (\u201eWeitere Informationen hier!\u201c) abrufbaren Tabelle die f\u00fcr die einzelnen Schulformen unterschiedlichen Startzeitpunkte f\u00fcr den Pr\u00e4senzunterricht.<\/p>\n<p>Im <strong>Pr\u00e4senzunterricht<\/strong> ab dem 27. April 2020 sollen die Sch\u00fcler\/-innen des Jg. 13. im Beruflichen Gymnasium, der Berufsschule-Fachstufe 2 und der Berufsfachschule-PTA-Oberstufe nur in den Pr\u00fcfungsf\u00e4chern auf die Pr\u00fcfung vorbereitet werden:<\/p>\n<ul>\n<li>Dieser Unterricht findet nach spezifischen Unterrichtspl\u00e4nen au\u00dferhalb des regul\u00e4ren Stundenplans statt, die von den jeweiligen Koordinatorinnen ver\u00f6ffentlicht werden.<\/li>\n<li>Informationen zur Organisation dieses Pr\u00e4senzunterrichts, der jeweiligen Unterrichtsstartzeiten sowie der Pausenregelungen (Entzerrungsgebot zur Sicherstellung der Abstandsregulierungen!) kommen in den n\u00e4chsten Tagen.<\/li>\n<\/ul>\n<p>Im Rahmen des <strong>Pr\u00e4senzunterrichts<\/strong> steht nat\u00fcrlich in diesen Zeiten auch die Einhaltung des Infektionsschutzes sowie der geltenden Hygiene- und Abstandsregelungen im Zentrum unseres Handelns. Lehrkr\u00e4fte und Sch\u00fclerinnen und Sch\u00fcler, die einer Risikogruppe (gem\u00e4\u00df Liste des Robert-Koch-Instituts) angeh\u00f6ren, k\u00f6nnen auf eigenen Wunsch nach Vorlage eines \u00e4rztlichen Attestes im \u201eHome Office\u201c verbleiben. Dies gilt sinnvollerweise auch f\u00fcr Personen, die mit Angeh\u00f6rigen von Risikogruppen in h\u00e4uslicher Gemeinschaft leben (i.d.R. wird dann das entsprechende Attest von dem\/der Angeh\u00f6rigen beizubringen sein). Wichtig ist dabei unsere Zusage, dass die Sch\u00fcler\/-innen, die im \u201eLernen zu Hause\u201c verbleiben, von ihren Lehrkr\u00e4ften mit Unterrichtsmaterial, Aufgaben und Lernpl\u00e4nen versorgt werden.<\/p>\n<p>In Niedersachsen startet der <strong>verbindliche Fernunterricht<\/strong> f\u00fcr alle Klassen ab dem 22.04.2020. F\u00fcr Sie besteht nun also wieder Schulpflicht &#8211; auch beim \u201eLernen zu Hause\u201c. Ihre Lehrkr\u00e4fte haben jetzt die M\u00f6glichkeit und Verpflichtung, im Fernunterricht neue Inhalte und Methoden einzuf\u00fchren sowie Benotungen vorzunehmen. Kurze Tests, m\u00fcndliche Abfragen \u2013 eventuell sogar auch per Videokonferenz \u2013 und \u00e4hnliche Formate k\u00f6nnen zur \u00dcberpr\u00fcfung des Lernstandes genutzt werden.<\/p>\n<p>Auszubildende m\u00fcssen \u00fcbrigens von ihren Betrieben wie gewohnt an ihren Berufsschultagen freigestellt werden, damit sie an dem \u201edigitalen\u201c Unterricht teilnehmen k\u00f6nnen.<\/p>\n<p>F\u00fcr die Durchf\u00fchrung des <strong>Fernunterrichts<\/strong> soll der bei uns bisher geltende Stundenplan ma\u00dfgeblich sein und eine klare, bekannte Tagesstruktur sowie einen klaren Lern- und Arbeitstakt bringen. Das bedeutet, Ihre Lehrkr\u00e4fte werden Sie beim \u201eLernen zu Hause\u201c digital mit Unterrichts- und Arbeitsmaterialien versorgen und Ihnen beratend zur Verf\u00fcgung stehen:<\/p>\n<ul>\n<li>Sie erhalten in der Stundenplanstruktur Aufgaben, sollen sie im vorgegebenen Zeitkorridor bearbeiten und auch abgeben.<\/li>\n<li>Die laut Stundenplan zust\u00e4ndige Lehrkraft stellt vorher die Aufgaben ein.<\/li>\n<li>Ihre Lehrkraft gibt an, wie und bis wann die Ergebnisse gesichert werden bzw. eine Lernerfolgskontrolle erfolgen kann.<\/li>\n<li>Ihre Lehrkraft ist in der Regel in dieser Zeit erreichbar (Ausnahmen bestehen bei den oben genannten Lehrkr\u00e4ften, die lt. Sonderplan im Pr\u00e4senzunterricht eingesetzt sind).<\/li>\n<li>Sie geben die Ergebnisse am Ende der Bearbeitungszeit ab; die m\u00f6glichen, alternativen Verfahren gibt Ihre Lehrkraft Ihnen bekannt.<\/li>\n<\/ul>\n<p>Die Klassenleitungen \u00fcbernehmen bei der Aufgabenbereitstellung f\u00fcr den Fernunterricht <u>in der Regel<\/u> eine koordinierende Funktion und sind Ihre zentralen Ansprechpartner\/-innen.<\/p>\n<p>Ich habe die Lehrkr\u00e4fte unserer Schule gebeten, mit Ihnen die f\u00fcr den Fernunterricht notwendigen Informations- und Kommunikationswege zu vereinbaren, mit Ihnen regelm\u00e4\u00dfig \u2013 mindestens einmal pro Woche \u2013 in Kontakt zu treten und zu verl\u00e4sslichen Zeiten \u201eSprechstunden\u201c per Telefon, Chat oder Videokonferenz anzubieten.<\/p>\n<p>Unser Ziel ist es, dass alle Kolleginnen und Kollegen sowie nat\u00fcrlich auch Sie die M\u00f6glichkeiten der bei uns eingef\u00fchrten Technologien vollst\u00e4ndig nutzen k\u00f6nnen. Wenn sich bez\u00fcglich der Umsetzung des Fernunterrichts bei Ihnen Probleme ergeben (z. B. fehlende IT-Ausstattung, nicht installierte Software, zu niedrige Bandbreiten) melden Sie diese bitte \u00fcber Ihre Klassenlehrkr\u00e4fte an die Schulleitung. Wir m\u00fcssen dann konkrete L\u00f6sungen suchen und anbieten.<\/p>\n<p>Bitte haben Sie Verst\u00e4ndnis, dass wir auf gewisse landesweite Entscheidungen nur geringen Einfluss haben. Wir sind aber in der BBS I Osterode gut aufgestellt, um mit Ihnen auf elektronischem Wege zu kommunizieren und setzen uns dabei das Ziel, dass Sie auch unter den derzeitigen Bedingungen ihre Kompetenzen festigen und erweitern. \u00dcber alle speziellen Regelungen f\u00fcr bestimmte Bildungsg\u00e4nge werden Sie klassenspezifisch und zeitnah von Ihrer Koordinatorin bzw. Ihren Lehrkr\u00e4ften informiert.<\/p>\n<p>Wir hoffen, dass wir irgendwann \u2013 m\u00f6glichst bald \u2013 wieder zur Normalit\u00e4t unseres Schulalltags zur\u00fcckkehren k\u00f6nnen. Dieser Wunsch ist nat\u00fcrlich und verst\u00e4ndlich. Die Gesundheit muss aber auch in den n\u00e4chsten Wochen und Monaten immer an erster Stelle stehen!<\/p>\n<p>Bitte informieren Sie Ihre Eltern bzw. Erziehungsberechtigten \u00fcber die Inhalte dieses Briefes.<\/p>\n<p>Abschlie\u00dfend bedanke ich mich bei Ihnen f\u00fcr Ihre Aufmerksamkeit und Ihr Verst\u00e4ndnis!<\/p>\n<p>Herzliche Gr\u00fc\u00dfe<\/p>\n<p>Heiko Seemann-Weymar<\/p>\n<p>Schulleiter BBS I Osterode am Harz<\/p>\n<\/div><\/section>\n","protected":false},"excerpt":{"rendered":"","protected":false},"author":19,"featured_media":0,"parent":190,"menu_order":0,"comment_status":"closed","ping_status":"closed","template":"","meta":[],"_links":{"self":[{"href":"https:\/\/bbs1osterode.de\/index.php\/wp-json\/wp\/v2\/pages\/8728"}],"collection":[{"href":"https:\/\/bbs1osterode.de\/index.php\/wp-json\/wp\/v2\/pages"}],"about":[{"href":"https:\/\/bbs1osterode.de\/index.php\/wp-json\/wp\/v2\/types\/page"}],"author":[{"embeddable":true,"href":"https:\/\/bbs1osterode.de\/index.php\/wp-json\/wp\/v2\/users\/19"}],"replies":[{"embeddable":true,"href":"https:\/\/bbs1osterode.de\/index.php\/wp-json\/wp\/v2\/comments?post=8728"}],"version-history":[{"count":3,"href":"https:\/\/bbs1osterode.de\/index.php\/wp-json\/wp\/v2\/pages\/8728\/revisions"}],"predecessor-version":[{"id":8746,"href":"https:\/\/bbs1osterode.de\/index.php\/wp-json\/wp\/v2\/pages\/8728\/revisions\/8746"}],"up":[{"embeddable":true,"href":"https:\/\/bbs1osterode.de\/index.php\/wp-json\/wp\/v2\/pages\/190"}],"wp:attachment":[{"href":"https:\/\/bbs1osterode.de\/index.php\/wp-json\/wp\/v2\/media?parent=8728"}],"curies":[{"name":"wp","href":"https:\/\/api.w.org\/{rel}","templated":true}]}}