{"id":9058,"date":"2020-11-03T10:08:55","date_gmt":"2020-11-03T09:08:55","guid":{"rendered":"https:\/\/bbs1osterode.de\/?page_id=9058"},"modified":"2020-11-22T20:14:37","modified_gmt":"2020-11-22T19:14:37","slug":"coronafall","status":"publish","type":"page","link":"https:\/\/bbs1osterode.de\/index.php\/coronafall\/","title":{"rendered":"Coronafall in der Schule"},"content":{"rendered":"\n<style type=\"text\/css\" data-created_by=\"avia_inline_auto\" id=\"style-css-av-zcmms-f3cd6ccadf412914d942ab489d43be6d\">\n#top .av_textblock_section.av-zcmms-f3cd6ccadf412914d942ab489d43be6d .avia_textblock{\nfont-size:40px;\n}\n<\/style>\n<section  class='av_textblock_section av-zcmms-f3cd6ccadf412914d942ab489d43be6d'  itemscope=\"itemscope\" itemtype=\"https:\/\/schema.org\/CreativeWork\" ><div class='avia_textblock'  itemprop=\"text\" ><p>Coronafall in der Schule<\/p>\n<\/div><\/section>\n\n<style type=\"text\/css\" data-created_by=\"avia_inline_auto\" id=\"style-css-av-78pu90-e422c28a9d389006771b2153cad0b7c3\">\n#top .hr.hr-invisible.av-78pu90-e422c28a9d389006771b2153cad0b7c3{\nheight:10px;\n}\n<\/style>\n<div  class='hr av-78pu90-e422c28a9d389006771b2153cad0b7c3 hr-invisible  avia-builder-el-1  el_after_av_textblock  el_before_av_two_third '><span class='hr-inner '><span class=\"hr-inner-style\"><\/span><\/span><\/div>\n\n<style type=\"text\/css\" data-created_by=\"avia_inline_auto\" id=\"style-css-av-5pobdg-502a434db8025b460b9302066d5c7022\">\n.flex_column.av-5pobdg-502a434db8025b460b9302066d5c7022{\nborder-radius:0px 0px 0px 0px;\n-webkit-border-radius:0px 0px 0px 0px;\n-moz-border-radius:0px 0px 0px 0px;\n}\n<\/style>\n<div class='flex_column av-5pobdg-502a434db8025b460b9302066d5c7022 av_two_third  avia-builder-el-2  el_after_av_hr  avia-builder-el-last  first flex_column_div av-zero-column-padding '   ><p>\n<style type=\"text\/css\" data-created_by=\"avia_inline_auto\" id=\"style-css-av-f13r8-44bcd03d5ca3134bc6c4b583f2c590de\">\n#top .av_textblock_section.av-f13r8-44bcd03d5ca3134bc6c4b583f2c590de .avia_textblock{\nfont-size:17px;\n}\n<\/style>\n<section  class='av_textblock_section av-f13r8-44bcd03d5ca3134bc6c4b583f2c590de'  itemscope=\"itemscope\" itemtype=\"https:\/\/schema.org\/CreativeWork\" ><div class='avia_textblock'  itemprop=\"text\" ><p><span data-contrast=\"auto\">Liebe Schulgemeinschaft,<\/span><span data-ccp-props=\"{\">\u00a0<\/span><\/p>\n<p><span data-contrast=\"auto\">leider ist ein weiteres Mitglied unserer Schulgemeinschaft positiv auf das Coronavirus getestet. <\/span><span data-ccp-props=\"{\">\u00a0<\/span><\/p>\n<p><span data-contrast=\"auto\"><span class=\"normaltextrun\">Wir stehen mit dem zust\u00e4ndigen Gesundheitsamt des Landkreises G\u00f6ttingen, das die Situation bewertet und Ma\u00dfnahmen angeordnet hat, im engen Austausch. <\/span><span class=\"normaltextrun\">Selbstverst\u00e4ndlich sind alle Kolleginnen und Kollegen sowie Sch\u00fclerinnen und Sch\u00fcler unserer Schule, die von Ma\u00dfnahmen des Gesundheitsamtes betroffen sind, dar\u00fcber informiert worden. Sie k\u00f6nnen auf digitalem Wege weiter am Schulgeschehen teilnehmen.\u00a0\u00a0<\/span><\/span><\/p>\n<p><span data-contrast=\"auto\"><span class=\"normaltextrun\">Der Schulbetrieb ist nicht weiter beeintr\u00e4chtigt.\u00a0<\/span>Die betroffenen R\u00e4ume\u00a0<\/span><span data-contrast=\"auto\">sind\u00a0<\/span><span data-contrast=\"auto\">den Vorgaben entsprechend gereinigt.<\/span><span data-contrast=\"auto\">\u00a0<\/span><span data-contrast=\"auto\">Wir weisen in diesem Zusammenhang darauf hin, dass die im Hygieneplan festgehaltenen Regelungen (Handhygiene, Laufwege, Maskenpflicht, \u2026)\u00a0<\/span><span data-contrast=\"auto\">weiterhin\u00a0<\/span><span data-contrast=\"auto\">unbedingt einzuhalten sind.<\/span><span data-contrast=\"auto\">\u00a0Der Hygieneplan wurde genau f\u00fcr diesen Fall entwickelt; er dient dazu, Infektionen zu begrenzen und das Geschehen einzud\u00e4mmen. Er funktioniert, wenn wir uns gemeinsam\u00a0<\/span><span data-contrast=\"auto\">daran<\/span><span data-contrast=\"auto\">\u00a0<\/span><span data-contrast=\"auto\">halten<\/span><span data-contrast=\"auto\">.<\/span><span data-ccp-props=\"{\">\u00a0<\/span><\/p>\n<p><span data-contrast=\"auto\">Die Festlegung des weiteren Verfahrens obliegt dem Gesundheitsamt.\u00a0<\/span><span data-contrast=\"auto\">\u00a0<\/span><span data-contrast=\"auto\">Weiter<\/span><span data-contrast=\"auto\">e<\/span><span data-contrast=\"auto\">\u00a0Information\u00a0<\/span><span data-contrast=\"auto\">z.<\/span><span data-contrast=\"auto\">\u00a0<\/span><span data-contrast=\"auto\">B. zu<\/span><span data-contrast=\"auto\">m Unterricht und\u00a0<\/span><span data-contrast=\"auto\">Testungen\u00a0<\/span><span data-contrast=\"auto\">erhalten Sie \u00fcber die internen Kan\u00e4le der Schule (Portal,\u00a0<\/span><span data-contrast=\"auto\">MS-Teams).<\/span><span data-ccp-props=\"{\">\u00a0<\/span><span data-contrast=\"auto\">Die Kommunikation\u00a0<\/span><span data-contrast=\"auto\">gegen\u00fcber der \u00d6ffentlichkeit\u00a0<\/span><span data-contrast=\"auto\">erfolgt in enger Abstimmung mit der Pressestelle des Landkreises G\u00f6ttingen (<\/span><a href=\"mailto:pressestelle@landkreisgoettingen.de\"><span data-contrast=\"none\">pressestelle@landkreisgoettingen.de<\/span><\/a><span data-contrast=\"auto\">).<\/span><span data-ccp-props=\"{\">\u00a0<\/span><\/p>\n<p><span data-contrast=\"auto\">Wir\u00a0<\/span><span data-contrast=\"auto\">w\u00fcnschen<\/span><span data-contrast=\"auto\">\u00a0<\/span><span data-contrast=\"auto\">allen Gesundheit<\/span><span data-contrast=\"auto\">\u00a0und den Erkrankten schnelle Gen<\/span><span data-contrast=\"auto\">e<\/span><span data-contrast=\"auto\">sung.<\/span><span data-ccp-props=\"{\">\u00a0<\/span><\/p>\n<p><span data-contrast=\"auto\">Holger Pelz<\/span><span data-ccp-props=\"{\">\u00a0<\/span><\/p>\n<p><span data-contrast=\"auto\">Schulleiter<\/span><span data-ccp-props=\"{\">\u00a0<\/span><\/p>\n<\/div><\/section><br \/>\n\n<style type=\"text\/css\" data-created_by=\"avia_inline_auto\" id=\"style-css-av-3avbdg-43d4ff219d630d985f76a80a7f531a24\">\n#top .hr.hr-invisible.av-3avbdg-43d4ff219d630d985f76a80a7f531a24{\nheight:10px;\n}\n<\/style>\n<div  class='hr av-3avbdg-43d4ff219d630d985f76a80a7f531a24 hr-invisible  avia-builder-el-4  el_after_av_textblock  avia-builder-el-last '><span class='hr-inner '><span class=\"hr-inner-style\"><\/span><\/span><\/div><\/p><\/div>\n","protected":false},"excerpt":{"rendered":"","protected":false},"author":19,"featured_media":0,"parent":0,"menu_order":0,"comment_status":"closed","ping_status":"closed","template":"","meta":[],"_links":{"self":[{"href":"https:\/\/bbs1osterode.de\/index.php\/wp-json\/wp\/v2\/pages\/9058"}],"collection":[{"href":"https:\/\/bbs1osterode.de\/index.php\/wp-json\/wp\/v2\/pages"}],"about":[{"href":"https:\/\/bbs1osterode.de\/index.php\/wp-json\/wp\/v2\/types\/page"}],"author":[{"embeddable":true,"href":"https:\/\/bbs1osterode.de\/index.php\/wp-json\/wp\/v2\/users\/19"}],"replies":[{"embeddable":true,"href":"https:\/\/bbs1osterode.de\/index.php\/wp-json\/wp\/v2\/comments?post=9058"}],"version-history":[{"count":13,"href":"https:\/\/bbs1osterode.de\/index.php\/wp-json\/wp\/v2\/pages\/9058\/revisions"}],"predecessor-version":[{"id":9091,"href":"https:\/\/bbs1osterode.de\/index.php\/wp-json\/wp\/v2\/pages\/9058\/revisions\/9091"}],"wp:attachment":[{"href":"https:\/\/bbs1osterode.de\/index.php\/wp-json\/wp\/v2\/media?parent=9058"}],"curies":[{"name":"wp","href":"https:\/\/api.w.org\/{rel}","templated":true}]}}