{"id":934,"date":"2017-04-18T14:46:22","date_gmt":"2017-04-18T12:46:22","guid":{"rendered":"https:\/\/bbs1osterode.de\/?page_id=934"},"modified":"2022-06-23T11:47:46","modified_gmt":"2022-06-23T09:47:46","slug":"foerderverein","status":"publish","type":"page","link":"https:\/\/bbs1osterode.de\/index.php\/foerderverein\/","title":{"rendered":"F\u00f6rderverein"},"content":{"rendered":"<div id='layer_slider_1'  class='avia-layerslider main_color avia-shadow  avia-builder-el-0  el_before_av_textblock  avia-builder-el-first  container_wrap fullsize'  style='height: 401px;'  ><\/div><div id='after_layer_slider_1'  class='main_color av_default_container_wrap container_wrap fullsize'  ><div class='container av-section-cont-open' ><div class='template-page content  av-content-full alpha units'><div class='post-entry post-entry-type-page post-entry-934'><div class='entry-content-wrapper clearfix'>\n\n<style type=\"text\/css\" data-created_by=\"avia_inline_auto\" id=\"style-css-av-39k926-4e036135ab684f1698835f4430b50802\">\n#top .av_textblock_section.av-39k926-4e036135ab684f1698835f4430b50802 .avia_textblock{\nfont-size:40px;\ncolor:#004472;\n}\n<\/style>\n<section  class='av_textblock_section av-39k926-4e036135ab684f1698835f4430b50802'  itemscope=\"itemscope\" itemtype=\"https:\/\/schema.org\/CreativeWork\" ><div class='avia_textblock av_inherit_color'  itemprop=\"text\" ><p><strong>F\u00f6rderverein<\/strong><\/p>\n<\/div><\/section>\n\n<style type=\"text\/css\" data-created_by=\"avia_inline_auto\" id=\"style-css-av-34hbeu-e4fe3c629213a1ca4ce86f042a9c22f6\">\n#top .hr.hr-invisible.av-34hbeu-e4fe3c629213a1ca4ce86f042a9c22f6{\nmargin-top:0px;\nheight:1px;\n}\n<\/style>\n<div  class='hr av-34hbeu-e4fe3c629213a1ca4ce86f042a9c22f6 hr-invisible  avia-builder-el-2  el_after_av_textblock  el_before_av_three_fifth '><span class='hr-inner '><span class=\"hr-inner-style\"><\/span><\/span><\/div>\n\n<style type=\"text\/css\" data-created_by=\"avia_inline_auto\" id=\"style-css-av-2wp3g6-6f5293a9c59b388fc5fde312703d49c5\">\n.flex_column.av-2wp3g6-6f5293a9c59b388fc5fde312703d49c5{\nborder-radius:0px 0px 0px 0px;\n-webkit-border-radius:0px 0px 0px 0px;\n-moz-border-radius:0px 0px 0px 0px;\n}\n<\/style>\n<div class='flex_column av-2wp3g6-6f5293a9c59b388fc5fde312703d49c5 av_three_fifth  avia-builder-el-3  el_after_av_hr  el_before_av_two_fifth  first flex_column_div av-zero-column-padding '   ><p>\n<style type=\"text\/css\" data-created_by=\"avia_inline_auto\" id=\"style-css-av-2qeqj2-6d6fc3e7d6a12dc360481a9303e783b6\">\n#top .av-special-heading.av-2qeqj2-6d6fc3e7d6a12dc360481a9303e783b6{\npadding-bottom:30px;\nfont-size:22px;\n}\nbody .av-special-heading.av-2qeqj2-6d6fc3e7d6a12dc360481a9303e783b6 .av-special-heading-tag .heading-char{\nfont-size:25px;\n}\n#top #wrap_all .av-special-heading.av-2qeqj2-6d6fc3e7d6a12dc360481a9303e783b6 .av-special-heading-tag{\nfont-size:22px;\n}\n.av-special-heading.av-2qeqj2-6d6fc3e7d6a12dc360481a9303e783b6 .av-subheading{\nfont-size:15px;\n}\n<\/style>\n<div  class='av-special-heading av-2qeqj2-6d6fc3e7d6a12dc360481a9303e783b6 av-special-heading-h3 blockquote modern-quote  avia-builder-el-4  el_before_av_textblock  avia-builder-el-first  av-inherit-size'><h3 class='av-special-heading-tag'  itemprop=\"headline\"  ><b>Der F\u00f6rderverein der BBS I Osterode am Harz<\/b><\/h3><div class=\"special-heading-border\"><div class=\"special-heading-inner-border\"><\/div><\/div><\/div><br \/>\n<section  class='av_textblock_section av-96s4m-e29125e1c19338840dd27d3143c494ea'  itemscope=\"itemscope\" itemtype=\"https:\/\/schema.org\/CreativeWork\" ><div class='avia_textblock'  itemprop=\"text\" ><p>&#8230;hei\u00dft eigentlich &#8220;Verein der Freunde und F\u00f6rderer der beruflichen Bildung an den Berufsbildenden Schulen I Osterode am Harz &#8211; Europaschule &#8211; Handelslehranstalt&#8221;.<\/p>\n<\/div><\/section><br \/>\n\n<style type=\"text\/css\" data-created_by=\"avia_inline_auto\" id=\"style-css-av-8f72m-1fbe9f17d60da2023bb1c6546477663f\">\n#top .av-special-heading.av-8f72m-1fbe9f17d60da2023bb1c6546477663f{\npadding-bottom:30px;\nfont-size:22px;\n}\nbody .av-special-heading.av-8f72m-1fbe9f17d60da2023bb1c6546477663f .av-special-heading-tag .heading-char{\nfont-size:25px;\n}\n#top #wrap_all .av-special-heading.av-8f72m-1fbe9f17d60da2023bb1c6546477663f .av-special-heading-tag{\nfont-size:22px;\n}\n.av-special-heading.av-8f72m-1fbe9f17d60da2023bb1c6546477663f .av-subheading{\nfont-size:15px;\n}\n<\/style>\n<div  class='av-special-heading av-8f72m-1fbe9f17d60da2023bb1c6546477663f av-special-heading-h3 blockquote modern-quote  avia-builder-el-6  el_after_av_textblock  el_before_av_textblock  av-inherit-size'><h3 class='av-special-heading-tag'  itemprop=\"headline\"  ><b>Unser Ziel:<\/b><\/h3><div class=\"special-heading-border\"><div class=\"special-heading-inner-border\"><\/div><\/div><\/div><br \/>\n<section  class='av_textblock_section av-2aj986-1c031cc59f5f8ef16c466c80316c17b5'  itemscope=\"itemscope\" itemtype=\"https:\/\/schema.org\/CreativeWork\" ><div class='avia_textblock'  itemprop=\"text\" ><p class=\"bodytext\">Das Ziel des\u00a0<span class=\"csc-sword\">F\u00f6rderverein<\/span>s ist die F\u00f6rderung der Bildung und Erziehung und die Unterst\u00fctzung der Lern- und Arbeitsbedingungen an unserer Schule. Kurzum wir m\u00f6chten die BBS I dabei unterst\u00fctzen, dass Ihre Kinder, du als Sch\u00fclerin oder Sch\u00fcler, Ihre Auszubildenden\u00a0optimale\u00a0Lernbedingungen vorfinden.<\/p>\n<p class=\"bodytext\">Im Einzelnen hat der Verein die folgenden Aufgaben:<\/p>\n<ul>\n<li>F\u00f6rderung der kulturellen, geistigen, sportlichen und sozialen Belange der Sch\u00fclerinnen und Sch\u00fcler<\/li>\n<li>F\u00f6rderung der Zusammenarbeit zwischen Schule und weiteren an der Erziehung und Bildung Beteiligten<\/li>\n<li>F\u00f6rderung der Fort- und Weiterbildung<\/li>\n<li>F\u00f6rderung der \u00d6ffentlichkeitsarbeit der Schule<\/li>\n<li>Ideelle und materielle F\u00f6rderung der BBS I durch Veranstaltungen<\/li>\n<\/ul>\n<\/div><\/section><br \/>\n\n<style type=\"text\/css\" data-created_by=\"avia_inline_auto\" id=\"style-css-av-20vv1y-2b1fa7118a06302fe56e962b743bc4e4\">\n#top .av-special-heading.av-20vv1y-2b1fa7118a06302fe56e962b743bc4e4{\npadding-bottom:30px;\nfont-size:22px;\n}\nbody .av-special-heading.av-20vv1y-2b1fa7118a06302fe56e962b743bc4e4 .av-special-heading-tag .heading-char{\nfont-size:25px;\n}\n#top #wrap_all .av-special-heading.av-20vv1y-2b1fa7118a06302fe56e962b743bc4e4 .av-special-heading-tag{\nfont-size:22px;\n}\n.av-special-heading.av-20vv1y-2b1fa7118a06302fe56e962b743bc4e4 .av-subheading{\nfont-size:15px;\n}\n<\/style>\n<div  class='av-special-heading av-20vv1y-2b1fa7118a06302fe56e962b743bc4e4 av-special-heading-h3 blockquote modern-quote  avia-builder-el-8  el_after_av_textblock  el_before_av_textblock  av-inherit-size'><h3 class='av-special-heading-tag'  itemprop=\"headline\"  ><b>Das machen wir:<\/b><\/h3><div class=\"special-heading-border\"><div class=\"special-heading-inner-border\"><\/div><\/div><\/div><br \/>\n<section  class='av_textblock_section av-1u53uu-616831b924ca92e4f27b022378c02edf'  itemscope=\"itemscope\" itemtype=\"https:\/\/schema.org\/CreativeWork\" ><div class='avia_textblock'  itemprop=\"text\" ><p class=\"bodytext\">Zu\u00a0unseren regelm\u00e4\u00dfigen Aktivit\u00e4ten z\u00e4hlen u. a. folgende:<\/p>\n<ul>\n<li>Unterst\u00fctzung sportlicher Veranstaltungen (z. B. Altstadtlauf, Sportfeste)<\/li>\n<li>F\u00f6rderung kultureller Angebote, z. B. Theaterauff\u00fchrungen<\/li>\n<li>Hilfestellung bei finanziellen Engp\u00e4ssen bei der Bezahlung von Schulfahrten<\/li>\n<li>Finanzielle Unterst\u00fctzung von Sch\u00fcleraustausch mit Partnerschulen im Ausland<\/li>\n<li>Unterst\u00fctzung von Juniorunternehmen in der Einj\u00e4hrigen Berufsfachschule \u2013 Wirtschaft \u2013<\/li>\n<li>Unterst\u00fctzung der Entlassungsfeiern von Sch\u00fclerinnen und Sch\u00fclern und Auslobung von Preisen f\u00fcr besonderes Engagement<\/li>\n<li>F\u00f6rderung des Austausches mit Kolleginnen und Kollegen anderer Schulen zur Entwicklung innovativer Unterrichtskonzepte (z. B. Einf\u00fchrung des bilingualen Unterrichts im Fach Volkswirtschaft)<\/li>\n<li>Organisation von Fortbildungsveranstaltungen f\u00fcr andere Schulen zur Einf\u00fchrung der Zusatzausbildung zum Europakaufmann\/zur Europakauffrau<\/li>\n<li>Unterst\u00fctzung der Schulband<\/li>\n<\/ul>\n<p>Das waren \u201eGro\u00dfprojekte\u201c der letzten Jahre:<\/p>\n<ul>\n<li>Ausstattung der Pausenhalle mit Innenraumbegr\u00fcnung und M\u00f6blierung zur Attraktivit\u00e4tssteigerung<\/li>\n<li>Versch\u00f6nerung der Cafeteria mit Innenraumbegr\u00fcnung und F\u00f6rderung des freien Internetzugangs<\/li>\n<li>Anschaffung von Medien der digitalen Kommunikation zur Unterst\u00fctzung des Schullebens, hierzu z\u00e4hlen u. a. die Gro\u00dfmonitore in der Pausenhalle, die neben dem Vertretungsplan auf Schulveranstaltungen aller Art hinweisen<\/li>\n<li>F\u00f6rderung der Anschaffung einer Outdoor-Tischtennisplatte<\/li>\n<\/ul>\n<\/div><\/section><br \/>\n\n<style type=\"text\/css\" data-created_by=\"avia_inline_auto\" id=\"style-css-av-1shzrq-4a4371ac1972306af69585bdb36863d3\">\n#top .av-special-heading.av-1shzrq-4a4371ac1972306af69585bdb36863d3{\npadding-bottom:30px;\nfont-size:22px;\n}\nbody .av-special-heading.av-1shzrq-4a4371ac1972306af69585bdb36863d3 .av-special-heading-tag .heading-char{\nfont-size:25px;\n}\n#top #wrap_all .av-special-heading.av-1shzrq-4a4371ac1972306af69585bdb36863d3 .av-special-heading-tag{\nfont-size:22px;\n}\n.av-special-heading.av-1shzrq-4a4371ac1972306af69585bdb36863d3 .av-subheading{\nfont-size:15px;\n}\n<\/style>\n<div  class='av-special-heading av-1shzrq-4a4371ac1972306af69585bdb36863d3 av-special-heading-h3 blockquote modern-quote  avia-builder-el-10  el_after_av_textblock  el_before_av_textblock  av-inherit-size'><h3 class='av-special-heading-tag'  itemprop=\"headline\"  ><b>Du m\u00f6chtest Mitglied werden?<\/b><\/h3><div class=\"special-heading-border\"><div class=\"special-heading-inner-border\"><\/div><\/div><\/div><br \/>\n<section  class='av_textblock_section av-1nb126-18e6d1e6a665e1f526c26cf391ccb646'  itemscope=\"itemscope\" itemtype=\"https:\/\/schema.org\/CreativeWork\" ><div class='avia_textblock'  itemprop=\"text\" ><p>Deine Klasse hat noch Geld vom letzten Klassengrillen \u00fcbrig? Ihr fandet eure Zeit an den BBS I toll?<\/p>\n<p>Du, deine Eltern oder dein Ausbildungsbetrieb m\u00f6chten, dass auch andere Sch\u00fcler\/-innen jetzt oder nach dir das umfassende Angebot der BBS I Osterode nutzen k\u00f6nnen?<\/p>\n<p>Spende einmalig an den F\u00f6rderverein oder werde Mitglied im F\u00f6rderverein.<\/p>\n<p>Der\u00a0F\u00f6rderverein\u00a0hat zur Zeit 84 Mitglieder, zu denen Sch\u00fclerinnen und Sch\u00fcler, Lehrkr\u00e4fte, Betriebe und weitere externe Partner z\u00e4hlen. Der allgemeine Mitgliederbeitrag betr\u00e4gt lediglich\u00a012,50 EUR, der erm\u00e4\u00dfigte Beitrag f\u00fcr Sch\u00fcler, Auszubildende und Studenten 6,00 EUR pro Jahr.<\/p>\n<p>Wir freuen uns,\u00a0dich als zuk\u00fcnftiges Mitglied zu begr\u00fc\u00dfen.<\/p>\n<\/div><\/section><\/p><\/div>\n\n<style type=\"text\/css\" data-created_by=\"avia_inline_auto\" id=\"style-css-av-1gfsli-560f84096adfd8cfd73d3825f9557079\">\n.flex_column.av-1gfsli-560f84096adfd8cfd73d3825f9557079{\nborder-radius:0px 0px 0px 0px;\n-webkit-border-radius:0px 0px 0px 0px;\n-moz-border-radius:0px 0px 0px 0px;\n}\n<\/style>\n<div class='flex_column av-1gfsli-560f84096adfd8cfd73d3825f9557079 av_two_fifth  avia-builder-el-12  el_after_av_three_fifth  avia-builder-el-last  flex_column_div av-zero-column-padding '   ><p><div  class='avia-button-wrap avia-button-left  avia-builder-el-13  el_before_av_hr  avia-builder-el-first ' ><a href='https:\/\/bbs1osterode.de\/wp-content\/uploads\/2017\/10\/Beitrittserkl\u00e4rung-F\u00f6rderverein-SEPA_Stand-August-2017.doc'  class='avia-button av-4kfpa-e904a3555bdea962920c9dbe80d92811 avia-icon_select-no avia-size-small avia-position-left avia-color-theme-color'  target=\"_blank\"  rel=\"noopener noreferrer\"><span class='avia_iconbox_title' >Beitrittserkl\u00e4rung<\/span><\/a><\/div><br \/>\n\n<style type=\"text\/css\" data-created_by=\"avia_inline_auto\" id=\"style-css-av-10srb2-d6f120778e98176cfa22bbc24aacf9c8\">\n#top .hr.hr-invisible.av-10srb2-d6f120778e98176cfa22bbc24aacf9c8{\nmargin-top:0px;\nheight:1px;\n}\n<\/style>\n<div  class='hr av-10srb2-d6f120778e98176cfa22bbc24aacf9c8 hr-invisible  avia-builder-el-14  el_after_av_button  el_before_av_heading '><span class='hr-inner '><span class=\"hr-inner-style\"><\/span><\/span><\/div><br \/>\n\n<style type=\"text\/css\" data-created_by=\"avia_inline_auto\" id=\"style-css-av-zcfti-9308548e4ca98e315b8a148f1c49c8c5\">\n#top .av-special-heading.av-zcfti-9308548e4ca98e315b8a148f1c49c8c5{\npadding-bottom:30px;\nfont-size:22px;\n}\nbody .av-special-heading.av-zcfti-9308548e4ca98e315b8a148f1c49c8c5 .av-special-heading-tag .heading-char{\nfont-size:25px;\n}\n#top #wrap_all .av-special-heading.av-zcfti-9308548e4ca98e315b8a148f1c49c8c5 .av-special-heading-tag{\nfont-size:22px;\n}\n.av-special-heading.av-zcfti-9308548e4ca98e315b8a148f1c49c8c5 .av-subheading{\nfont-size:15px;\n}\n<\/style>\n<div  class='av-special-heading av-zcfti-9308548e4ca98e315b8a148f1c49c8c5 av-special-heading-h3 blockquote modern-quote  avia-builder-el-15  el_after_av_hr  el_before_av_image  av-inherit-size'><h3 class='av-special-heading-tag'  itemprop=\"headline\"  ><b>Der Vorstand<\/b><\/h3><div class=\"special-heading-border\"><div class=\"special-heading-inner-border\"><\/div><\/div><\/div><br \/>\n\n<style type=\"text\/css\" data-created_by=\"avia_inline_auto\" id=\"style-css-av-oy5a6-3283b645709dbb1e6d39a441f78620df\">\n.avia-image-container.av-oy5a6-3283b645709dbb1e6d39a441f78620df .av-image-caption-overlay-center{\ncolor:#ffffff;\n}\n<\/style>\n<div  class='avia-image-container av-oy5a6-3283b645709dbb1e6d39a441f78620df av-styling- avia-align-center  avia-builder-el-16  el_after_av_heading  el_before_av_textblock '  itemprop=\"image\" itemscope=\"itemscope\" itemtype=\"https:\/\/schema.org\/ImageObject\" ><div class=\"avia-image-container-inner\"><div class=\"avia-image-overlay-wrap\"><img class='wp-image-1793 avia-img-lazy-loading-not-1793 avia_image' src=\"https:\/\/bbs1osterode.de\/wp-content\/uploads\/2017\/04\/csm_Vorstand-F\u00f6rderverein_860750362c.jpg\" alt='' title='csm_Vorstand-F\u00f6rderverein_860750362c'  height=\"569\" width=\"800\"  itemprop=\"thumbnailUrl\" srcset=\"https:\/\/bbs1osterode.de\/wp-content\/uploads\/2017\/04\/csm_Vorstand-F\u00f6rderverein_860750362c.jpg 800w, https:\/\/bbs1osterode.de\/wp-content\/uploads\/2017\/04\/csm_Vorstand-F\u00f6rderverein_860750362c-300x213.jpg 300w, https:\/\/bbs1osterode.de\/wp-content\/uploads\/2017\/04\/csm_Vorstand-F\u00f6rderverein_860750362c-768x546.jpg 768w, https:\/\/bbs1osterode.de\/wp-content\/uploads\/2017\/04\/csm_Vorstand-F\u00f6rderverein_860750362c-260x185.jpg 260w, https:\/\/bbs1osterode.de\/wp-content\/uploads\/2017\/04\/csm_Vorstand-F\u00f6rderverein_860750362c-705x501.jpg 705w, https:\/\/bbs1osterode.de\/wp-content\/uploads\/2017\/04\/csm_Vorstand-F\u00f6rderverein_860750362c-450x320.jpg 450w\" sizes=\"(max-width: 800px) 100vw, 800px\" \/><\/div><\/div><\/div><br \/>\n<section  class='av_textblock_section av-nc0ou-4ce53b7e161d5c8b0984939634772349'  itemscope=\"itemscope\" itemtype=\"https:\/\/schema.org\/CreativeWork\" ><div class='avia_textblock'  itemprop=\"text\" ><p>(v.l.n.r) Wir sind aktuell im Vorstand t\u00e4tig:<\/p>\n<ul>\n<li>Johann-Karl Vietor \u2013 Schatzmeister<\/li>\n<li>Ursula Kreter \u2013 Schriftf\u00fchrerin<\/li>\n<li>Thorsten Spalke \u2013 Gesch\u00e4ftsf\u00fchrer<\/li>\n<li>Elisabeth Ahrens \u2013 Erste Vorsitzende<\/li>\n<li>Johannes Wucherpfennig \u2013 Zweiter Vorsitzender<\/li>\n<\/ul>\n<p>Der\u00a0F\u00f6rderverein\u00a0wurde 1999 gegr\u00fcndet. Eingetragen ist er beim Amtsgericht G\u00f6ttingen (VR 180260). Die Gemeinn\u00fctzigkeit ist durch das Finanzamt Herzberg am Harz anerkannt.<\/p>\n<\/div><\/section><br \/>\n\n<style type=\"text\/css\" data-created_by=\"avia_inline_auto\" id=\"style-css-av-cp0vq-69d4e934a679750bd7cdf72549de4006\">\n#top .av-special-heading.av-cp0vq-69d4e934a679750bd7cdf72549de4006{\npadding-bottom:30px;\nfont-size:22px;\n}\nbody .av-special-heading.av-cp0vq-69d4e934a679750bd7cdf72549de4006 .av-special-heading-tag .heading-char{\nfont-size:25px;\n}\n#top #wrap_all .av-special-heading.av-cp0vq-69d4e934a679750bd7cdf72549de4006 .av-special-heading-tag{\nfont-size:22px;\n}\n.av-special-heading.av-cp0vq-69d4e934a679750bd7cdf72549de4006 .av-subheading{\nfont-size:15px;\n}\n<\/style>\n<div  class='av-special-heading av-cp0vq-69d4e934a679750bd7cdf72549de4006 av-special-heading-h3 blockquote modern-quote  avia-builder-el-18  el_after_av_textblock  el_before_av_textblock  av-inherit-size'><h3 class='av-special-heading-tag'  itemprop=\"headline\"  ><b>Bankverbindung <span class='special_amp'>&amp;<\/span> Kontakdaten<\/b><\/h3><div class=\"special-heading-border\"><div class=\"special-heading-inner-border\"><\/div><\/div><\/div><br \/>\n<section  class='av_textblock_section av-aj7ye-17cac86db74d40fd19cf02d17026ca73'  itemscope=\"itemscope\" itemtype=\"https:\/\/schema.org\/CreativeWork\" ><div class='avia_textblock'  itemprop=\"text\" ><p>Wir freuen uns \u00fcber Ihre\/deine Unterst\u00fctzung!<\/p>\n<p>F\u00f6rderverein\u00a0der BBS I<br \/>\nSparkasse Osterode am Harz<br \/>\nIBAN:\u00a0DE90 2635 1015 0000 0555 33<br \/>\nBIC:\u00a0NOLADE21HZB<\/p>\n<p><strong>Verein der Freunde und F\u00f6rderer<\/strong><br \/>\nder beruflichen Bildung an den<br \/>\n<b>Berufsbildenden Schulen I<\/b><br \/>\nOsterode am Harz<br \/>\n<b>Europa-Schule<br \/>\n<\/b>\u2013 Handelslehranstalt \u2013<\/p>\n<p><img loading=\"lazy\" class=\"size-medium wp-image-2624 alignnone\" src=\"https:\/\/bbs1osterode.de\/wp-content\/uploads\/2017\/04\/Thorsten_Spalke-199x300.jpg\" alt=\"\" width=\"199\" height=\"300\" srcset=\"https:\/\/bbs1osterode.de\/wp-content\/uploads\/2017\/04\/Thorsten_Spalke-199x300.jpg 199w, https:\/\/bbs1osterode.de\/wp-content\/uploads\/2017\/04\/Thorsten_Spalke-768x1160.jpg 768w, https:\/\/bbs1osterode.de\/wp-content\/uploads\/2017\/04\/Thorsten_Spalke-682x1030.jpg 682w, https:\/\/bbs1osterode.de\/wp-content\/uploads\/2017\/04\/Thorsten_Spalke-993x1500.jpg 993w, https:\/\/bbs1osterode.de\/wp-content\/uploads\/2017\/04\/Thorsten_Spalke-467x705.jpg 467w, https:\/\/bbs1osterode.de\/wp-content\/uploads\/2017\/04\/Thorsten_Spalke-450x680.jpg 450w, https:\/\/bbs1osterode.de\/wp-content\/uploads\/2017\/04\/Thorsten_Spalke.jpg 1173w\" sizes=\"(max-width: 199px) 100vw, 199px\" \/><\/p>\n<p>Studiendirektor<br \/>\nGesch\u00e4ftsf\u00fchrer des F\u00f6rdervereins der BBS I Osterode<br \/>\nThorsten Spalke<br \/>\nNeust\u00e4dter Tor 1\/3,<br \/>\n<b>37520 Osterode am Harz<\/b><\/p>\n<p>Tel.: 05522 5027-0<br \/>\n<a href=\"mailto:thorsten.spalke@bbs1osterode.de\">thorsten.spalke@bbs1osterode.de<\/a><\/p>\n<\/div><\/section><\/p><\/div>\n","protected":false},"excerpt":{"rendered":"","protected":false},"author":1,"featured_media":0,"parent":0,"menu_order":0,"comment_status":"closed","ping_status":"closed","template":"","meta":[],"_links":{"self":[{"href":"https:\/\/bbs1osterode.de\/index.php\/wp-json\/wp\/v2\/pages\/934"}],"collection":[{"href":"https:\/\/bbs1osterode.de\/index.php\/wp-json\/wp\/v2\/pages"}],"about":[{"href":"https:\/\/bbs1osterode.de\/index.php\/wp-json\/wp\/v2\/types\/page"}],"author":[{"embeddable":true,"href":"https:\/\/bbs1osterode.de\/index.php\/wp-json\/wp\/v2\/users\/1"}],"replies":[{"embeddable":true,"href":"https:\/\/bbs1osterode.de\/index.php\/wp-json\/wp\/v2\/comments?post=934"}],"version-history":[{"count":19,"href":"https:\/\/bbs1osterode.de\/index.php\/wp-json\/wp\/v2\/pages\/934\/revisions"}],"predecessor-version":[{"id":10370,"href":"https:\/\/bbs1osterode.de\/index.php\/wp-json\/wp\/v2\/pages\/934\/revisions\/10370"}],"wp:attachment":[{"href":"https:\/\/bbs1osterode.de\/index.php\/wp-json\/wp\/v2\/media?parent=934"}],"curies":[{"name":"wp","href":"https:\/\/api.w.org\/{rel}","templated":true}]}}